{"id":480,"date":"2021-03-03T19:54:47","date_gmt":"2021-03-03T19:54:47","guid":{"rendered":"http:\/\/hydromedic.com.mx\/?page_id=480"},"modified":"2022-05-16T18:14:27","modified_gmt":"2022-05-16T18:14:27","slug":"home","status":"publish","type":"page","link":"https:\/\/hydromedic.com.mx\/","title":{"rendered":"Home"},"content":{"rendered":"<p><img width=\"300\" height=\"103\" src=\"http:\/\/hydromedic.com.mx\/wp-content\/uploads\/2021\/04\/LOGO-HYDROMEDIC-300x103.png\" alt=\"\" loading=\"lazy\" srcset=\"http:\/\/hydromedic.com.mx\/wp-content\/uploads\/2021\/04\/LOGO-HYDROMEDIC-300x103.png 300w, http:\/\/hydromedic.com.mx\/wp-content\/uploads\/2021\/04\/LOGO-HYDROMEDIC.png 626w\" sizes=\"(max-width: 300px) 100vw, 300px\" \/>\t\t\t\t\t\t\t\t\t\t\t<\/p>\n<ul>\n<li>\n\t\t\t\t\t\t\t\t\t\t55 7047 8697\n\t\t\t\t\t\t\t\t\t<\/li>\n<\/ul>\n<p>\t\t\t\t\tCOMPRESEROS<a href=\"http:\/\/hydromedic.com.mx\/?page_id=32\" target=\"_blank\" rel=\"noopener\">Click Here<\/a>NUEVA L\u00cdNEA<a href=\"http:\/\/hydromedic.com.mx\/?page_id=32\" target=\"_blank\" rel=\"noopener\">Click Here<\/a>TINAS DE HIDROTERAPIA <a href=\"http:\/\/HIDROTERAPIA\" target=\"_blank\" rel=\"noopener\">Click Here<\/a>MECANOTERAPIAClick HereTINA HUBBARDNo. 1 en fabricaci\u00f3n de tinas Hubbard en M\u00e9xico.<a href=\"http:\/\/HIDROTERAPIA\" target=\"_blank\" rel=\"noopener\">Click Here<\/a><br \/>\n\t\t\t\t\t\t\tPrevious<br \/>\n\t\t\t\t\t\t\tNext<\/p>\n<h2>HYDROMEDIC<\/h2>\n<p>COMO EMPRESA ESPECIALIZADA EN EL DISE\u00d1O, FABRICACI\u00d3N DE EQUIPOS M\u00c9DICOS NUESTROS VALORES FUNDAMENTALES SON LA FLEXIBILIDAD, NUESTRA CAPACIDAD DE DESARROLLO Y LA INCANSABLE B\u00daSQUEDA DE LA EXCELENCIA.<\/p>\n<p>\t\t\t<a href=\"https:\/\/NOSOTROS\" target=\"_blank\" role=\"button\" rel=\"noopener\"><br \/>\n\t\t\t\t\t\tClick Here<br \/>\n\t\t\t\t\t<\/a><br \/>\n\t\t<iframe loading=\"lazy\" title=\"HYDROMEDIC CATALOGO EN ACERO INOXIDABLE\" width=\"700\" height=\"394\" src=\"https:\/\/www.youtube.com\/embed\/adonHZnV-Rw?feature=oembed\" frameborder=\"0\" allow=\"accelerometer; autoplay; clipboard-write; encrypted-media; gyroscope; picture-in-picture; web-share\" referrerpolicy=\"strict-origin-when-cross-origin\" allowfullscreen><\/iframe><br \/>\n\t\t\t\t\t<a href=\"https:\/\/www.instagram.com\/hydromedicsade\/\" target=\"_blank\" rel=\"noopener\"><br \/>\n\t\t\t\t\t\tInstagram<br \/>\n\t\t\t\t\t\t\t\t\t\t\t<\/a><br \/>\n\t\t\t\t\t<a href=\"https:\/\/wa.me\/5215570478697?Text=Hola%20en%20%20te%20puedo%20ayudar\" target=\"_blank\" rel=\"noopener\"><br \/>\n\t\t\t\t\t\tWhatsapp<br \/>\n\t\t\t\t\t\t\t\t\t\t\t<\/a><br \/>\n\t\t\t\t\t<a href=\"https:\/\/www.youtube.com\/channel\/UCOdxye11xIdcYjbsUsgfidw\" target=\"_blank\" rel=\"noopener\"><br \/>\n\t\t\t\t\t\tYoutube<br \/>\n\t\t\t\t\t\t\t\t\t\t\t<\/a><br \/>\n\t\t\t\t\t<a href=\"mailto:ventas@hydromedic.com.mx\" target=\"_blank\" rel=\"noopener\"><br \/>\n\t\t\t\t\t\tEnvelope<br \/>\n\t\t\t\t\t\t\t\t\t\t\t<\/a><\/p>\n<h3>\n\t\t\t\t\tFABRICANTES<br \/>\n\t\t\t\t\tMAYORISTAS<br \/>\n\t\t\t\t<\/h3>\n<p>\t\t\t\t\t\t\tPrevious<br \/>\n\t\t\t\t\t\t\tNext<br \/>\n\t\t<iframe loading=\"lazy\" title=\"TANQUE TERAPE\u00daTICO DE HIDROTERAPIA\" width=\"700\" height=\"525\" src=\"https:\/\/www.youtube.com\/embed\/35cJxJQaKR8?feature=oembed\" frameborder=\"0\" allow=\"accelerometer; autoplay; clipboard-write; encrypted-media; gyroscope; picture-in-picture; web-share\" referrerpolicy=\"strict-origin-when-cross-origin\" allowfullscreen><\/iframe>\t\t<\/p>\n<h2>Tanque Terap\u00e9utico de Hidroterapia<\/h2>\n<p>Contamos con varios modelos y accesorios que te permiten personalizar el tanque terap\u00e9utico de acuerdo a tus necesidades.<\/p>\n<p>\t\t\t<a href=\"#hidroterapia\" target=\"_blank\" role=\"button\" rel=\"noopener\"><br \/>\n\t\t\t\t\t\tHaz clic aqu\u00ed<br \/>\n\t\t\t\t\t<\/a><\/p>\n<h4>Nueva L\u00ednea<br \/>Cuidados para la Salud<\/h4>\n<p>Hydromedic es una empresa mexicana, que se preocupa por el cuidado de tu salud, por eso hemos sacado esta nueva l\u00ednea donde fabricamos y distribuimos ropa quir\u00fargica de un solo uso. Desde nuestra apertura hemos buscado le excelencia en nuestros productos y procesos, para brindarles la mejor experiencia a nuestros clientes.<\/p>\n<ul>\n<li>\n\t\t\t\t\t\t\t\t\t\tCUBREBOCAS\n\t\t\t\t\t\t\t\t\t<\/li>\n<li>\n\t\t\t\t\t\t\t\t\t\tROPA DESECHABLE\n\t\t\t\t\t\t\t\t\t<\/li>\n<li>\n\t\t\t\t\t\t\t\t\t\tPEDESTALES PARA GEL ANTIBACTERIAL\n\t\t\t\t\t\t\t\t\t<\/li>\n<\/ul>\n<p>\t\t\t\t\t\t\t<a href=\"http:\/\/hydromedic.com.mx\/wp-content\/uploads\/2021\/05\/bota-quirurgica.png\" data-elementor-open-lightbox=\"yes\" data-elementor-lightbox-slideshow=\"all-bdaceac\" data-elementor-lightbox-title=\"bota quirurgica\"><br \/>\n\t\t\t\t\t\t\t\t\t\t\t\t\t\t<\/a><br \/>\n\t\t\t\t\t\t\t<a href=\"http:\/\/hydromedic.com.mx\/wp-content\/uploads\/2021\/05\/DSC0455.png\" data-elementor-open-lightbox=\"yes\" data-elementor-lightbox-slideshow=\"all-bdaceac\" data-elementor-lightbox-title=\"_DSC0455\"><br \/>\n\t\t\t\t\t\t\t\t\t\t\t\t\t\t<\/a><br \/>\n\t\t\t\t\t\t\t<a href=\"http:\/\/hydromedic.com.mx\/wp-content\/uploads\/2021\/04\/BATA-CIRUJANO.gif\" data-elementor-open-lightbox=\"yes\" data-elementor-lightbox-slideshow=\"all-bdaceac\" data-elementor-lightbox-title=\"BATA-CIRUJANO\"><br \/>\n\t\t\t\t\t\t\t\t\t\t\t\t\t\t<\/a><br \/>\n\t\t\t\t\t\t\t<a href=\"http:\/\/hydromedic.com.mx\/wp-content\/uploads\/2021\/03\/bata-paciente-no-esteril-sin-manga-1.png\" data-elementor-open-lightbox=\"yes\" data-elementor-lightbox-slideshow=\"all-bdaceac\" data-elementor-lightbox-title=\"bata-paciente-no-esteril-sin-manga (1)\"><br \/>\n\t\t\t\t\t\t\t\t\t\t\t\t\t\t<\/a><br \/>\n\t\t<iframe loading=\"lazy\" title=\"FABRICA DE CUBREBOCAS\" width=\"700\" height=\"394\" src=\"https:\/\/www.youtube.com\/embed\/cGUit6svEZU?feature=oembed\" frameborder=\"0\" allow=\"accelerometer; autoplay; clipboard-write; encrypted-media; gyroscope; picture-in-picture; web-share\" referrerpolicy=\"strict-origin-when-cross-origin\" allowfullscreen><\/iframe><br \/>\n\t\t\t<a role=\"button\"><br \/>\n\t\t\t\t\t\tClick Here<br \/>\n\t\t\t\t\t<\/a><\/p>\n<h2>mecanoterapia<\/h2>\n<p>\t\t\t\t\t\t\t\t\t\t<img width=\"626\" height=\"214\" src=\"http:\/\/hydromedic.com.mx\/wp-content\/uploads\/2021\/04\/LOGO-HYDROMEDIC.png\" alt=\"\" loading=\"lazy\" srcset=\"http:\/\/hydromedic.com.mx\/wp-content\/uploads\/2021\/04\/LOGO-HYDROMEDIC.png 626w, http:\/\/hydromedic.com.mx\/wp-content\/uploads\/2021\/04\/LOGO-HYDROMEDIC-300x103.png 300w\" sizes=\"(max-width: 626px) 100vw, 626px\" \/>\t\t\t\t\t\t\t\t\t\t\t<\/p>\n<p>SEGUIMOS TRABAJANDO PARA DARLES LOS MEJORES Y MAS INNOVADORES EQUIPOS DE MECANOTERAPIA<\/p>\n<h2>\n\t\t\t\t\t\tACTIVE\t\t\t\t\t<\/h2>\n<p>\t\t\t\t\t\tPARA EL ATLETA Y DEPORTISTA<br \/>\n\t\t\t\t\t<a><br \/>\n\t\t\t\t\t\tClick Here\t\t\t\t\t<\/a><br \/>\n\t\t\t\t\t\t\tPrevious<br \/>\n\t\t\t\t\t\t\tNext<\/p>\n<h4>caractristicas<\/h4>\n<ul>\n<li>\n\t\t\t\t\t\t\t\t\t\tINCREIBLES PRECIOS\n\t\t\t\t\t\t\t\t\t<\/li>\n<li>\n\t\t\t\t\t\t\t\t\t\tGARANTIAS\n\t\t\t\t\t\t\t\t\t<\/li>\n<li>\n\t\t\t\t\t\t\t\t\t\tCAPACITACIONES\n\t\t\t\t\t\t\t\t\t<\/li>\n<li>\n\t\t\t\t\t\t\t\t\t\tINNOVACI\u00d3NES\n\t\t\t\t\t\t\t\t\t<\/li>\n<li>\n\t\t\t\t\t\t\t\t\t\tEXCELENTE TRATO\n\t\t\t\t\t\t\t\t\t<\/li>\n<\/ul>\n<ul>\n<li>\n\t\t\t\t\t\t\t\t\t\t55 2616 5710\n\t\t\t\t\t\t\t\t\t<\/li>\n<li>\n\t\t\t\t\t\t\t\t\t\tventas@hydromedic.com.mx\n\t\t\t\t\t\t\t\t\t<\/li>\n<li>\n\t\t\t\t\t\t\t\t\t\tValle del Don 32 Valle de Arag\u00f3n\n\t\t\t\t\t\t\t\t\t<\/li>\n<\/ul>\n<h4>NOTICIAS DE NUEVOS PRODUCTOS <\/h4>\n<p>\t\t\t\t\t<a href=\"mailto:ventas@hydromedic.com.mx\" target=\"_blank\" rel=\"noopener\"><br \/>\n\t\t\t\t\t\tEnvelope<br \/>\n\t\t\t\t\t\t\t\t\t\t\t<\/a><br \/>\n\t\t\t\t\t<a href=\"https:\/\/https:\/\/www.instagram.com\/hydromedicsade\/\" target=\"_blank\" rel=\"noopener\"><br \/>\n\t\t\t\t\t\tInstagram<br \/>\n\t\t\t\t\t\t\t\t\t\t\t<\/a><br \/>\n\t\t\t\t\t<a href=\"https:\/\/www.youtube.com\/channel\/UCOdxye11xIdcYjbsUsgfidw\" target=\"_blank\" rel=\"noopener\"><br \/>\n\t\t\t\t\t\tYoutube<br \/>\n\t\t\t\t\t\t\t\t\t\t\t<\/a><br \/>\n\t\t\t\t\t<a href=\"https:\/\/wa.me\/5215570478697?Text=Hola%20en%20%20te%20puedo%20ayudar\" target=\"_blank\" rel=\"noopener\"><br \/>\n\t\t\t\t\t\tWhatsapp<br \/>\n\t\t\t\t\t\t\t\t\t\t\t<\/a><\/p>\n<h4>SERVICIO Y SOPORTE EXPERTO<\/h4>\n<p>En cada paso del camino, proporcionamos amplios recursos para ayudarlo a planificar, instalar, operar y mantener nuestros productos y soluciones<\/p>\n","protected":false},"excerpt":{"rendered":"<p>On-Demand Course Complete Python Masterclass for Web Development Amet facilisi phasellus lacus, sit massa, erat placerat aenean aliquet ultrices eleifend enim enim lacus elit. Start Course View All Courses What our Happy Student Say Mauris auctor sit consequat sed aenean purus egestas porta vel fermentum, nec nisi at eget non, nisi tincidunt tempus, etiam eget &hellip;<\/p>\n<p class=\"read-more\"> <a class=\"\" href=\"https:\/\/websitedemos.net\/online-coding-course-02\/\"> <span class=\"screen-reader-text\">Home<\/span> Read More &raquo;<\/a><\/p>\n","protected":false},"author":1,"featured_media":0,"parent":0,"menu_order":0,"comment_status":"closed","ping_status":"closed","template":"","meta":[],"acf":[],"yoast_head":"<!-- This site is optimized with the Yoast SEO plugin v15.9.1 - https:\/\/yoast.com\/wordpress\/plugins\/seo\/ -->\n<title>Home - HYDROMEDIC<\/title>\n<meta name=\"description\" content=\"FABRICACION Y VENTA DE EQUIPO MEDICO REHABILITACION Y MEDICINA DEL DEPORTE HIDROTERAPIA TERAPIA DE CALOR HUMEDO TERAPIA FRIA MECANOTERAPIA\" \/>\n<meta property=\"og:locale\" content=\"es_ES\" \/>\n<meta property=\"og:type\" content=\"article\" \/>\n<meta property=\"og:title\" content=\"Home - HYDROMEDIC\" \/>\n<meta property=\"og:description\" content=\"FABRICACION Y VENTA DE EQUIPO MEDICO REHABILITACION Y MEDICINA DEL DEPORTE HIDROTERAPIA TERAPIA DE CALOR HUMEDO TERAPIA FRIA MECANOTERAPIA\" \/>\n<meta property=\"og:url\" content=\"https:\/\/hydromedic.com.mx\/\" \/>\n<meta property=\"og:site_name\" content=\"HYDROMEDIC\" \/>\n<meta property=\"article:modified_time\" content=\"2022-05-16T18:14:27+00:00\" \/>\n<meta property=\"og:image\" content=\"http:\/\/hydromedic.com.mx\/wp-content\/uploads\/2021\/04\/LOGO-HYDROMEDIC-300x103.png\" \/>\n<meta name=\"twitter:card\" content=\"summary\" \/>\n<meta name=\"twitter:label1\" content=\"Tiempo de lectura\">\n\t<meta name=\"twitter:data1\" content=\"3 minutos\">\n<script type=\"application\/ld+json\" class=\"yoast-schema-graph\">{\"@context\":\"https:\/\/schema.org\",\"@graph\":[{\"@type\":\"Organization\",\"@id\":\"https:\/\/hydromedic.com.mx\/#organization\",\"name\":\"HYDROMEDIC SA DE CV\",\"url\":\"https:\/\/hydromedic.com.mx\/\",\"sameAs\":[],\"logo\":{\"@type\":\"ImageObject\",\"@id\":\"https:\/\/hydromedic.com.mx\/#logo\",\"inLanguage\":\"es\",\"url\":\"https:\/\/hydromedic.com.mx\/wp-content\/uploads\/2016\/08\/hydromedic.jpg\",\"width\":1038,\"height\":248,\"caption\":\"HYDROMEDIC SA DE CV\"},\"image\":{\"@id\":\"https:\/\/hydromedic.com.mx\/#logo\"}},{\"@type\":\"WebSite\",\"@id\":\"https:\/\/hydromedic.com.mx\/#website\",\"url\":\"https:\/\/hydromedic.com.mx\/\",\"name\":\"HYDROMEDIC\",\"description\":\"Equipo Medico, Rehabilitacion y Medicina del deporte\",\"publisher\":{\"@id\":\"https:\/\/hydromedic.com.mx\/#organization\"},\"potentialAction\":[{\"@type\":\"SearchAction\",\"target\":\"https:\/\/hydromedic.com.mx\/?s={search_term_string}\",\"query-input\":\"required name=search_term_string\"}],\"inLanguage\":\"es\"},{\"@type\":\"ImageObject\",\"@id\":\"https:\/\/hydromedic.com.mx\/#primaryimage\",\"inLanguage\":\"es\",\"url\":\"http:\/\/hydromedic.com.mx\/wp-content\/uploads\/2021\/04\/LOGO-HYDROMEDIC-300x103.png\"},{\"@type\":\"WebPage\",\"@id\":\"https:\/\/hydromedic.com.mx\/#webpage\",\"url\":\"https:\/\/hydromedic.com.mx\/\",\"name\":\"Home - HYDROMEDIC\",\"isPartOf\":{\"@id\":\"https:\/\/hydromedic.com.mx\/#website\"},\"primaryImageOfPage\":{\"@id\":\"https:\/\/hydromedic.com.mx\/#primaryimage\"},\"datePublished\":\"2021-03-03T19:54:47+00:00\",\"dateModified\":\"2022-05-16T18:14:27+00:00\",\"description\":\"FABRICACION Y VENTA DE EQUIPO MEDICO REHABILITACION Y MEDICINA DEL DEPORTE HIDROTERAPIA TERAPIA DE CALOR HUMEDO TERAPIA FRIA MECANOTERAPIA\",\"breadcrumb\":{\"@id\":\"https:\/\/hydromedic.com.mx\/#breadcrumb\"},\"inLanguage\":\"es\",\"potentialAction\":[{\"@type\":\"ReadAction\",\"target\":[\"https:\/\/hydromedic.com.mx\/\"]}]},{\"@type\":\"BreadcrumbList\",\"@id\":\"https:\/\/hydromedic.com.mx\/#breadcrumb\",\"itemListElement\":[{\"@type\":\"ListItem\",\"position\":1,\"item\":{\"@type\":\"WebPage\",\"@id\":\"https:\/\/hydromedic.com.mx\/\",\"url\":\"https:\/\/hydromedic.com.mx\/\",\"name\":\"Inicio\"}},{\"@type\":\"ListItem\",\"position\":2,\"item\":{\"@type\":\"WebPage\",\"@id\":\"https:\/\/hydromedic.com.mx\/\",\"url\":\"https:\/\/hydromedic.com.mx\/\",\"name\":\"Home\"}}]}]}<\/script>\n<!-- \/ Yoast SEO plugin. -->","_links":{"self":[{"href":"https:\/\/hydromedic.com.mx\/index.php?rest_route=\/wp\/v2\/pages\/480"}],"collection":[{"href":"https:\/\/hydromedic.com.mx\/index.php?rest_route=\/wp\/v2\/pages"}],"about":[{"href":"https:\/\/hydromedic.com.mx\/index.php?rest_route=\/wp\/v2\/types\/page"}],"author":[{"embeddable":true,"href":"https:\/\/hydromedic.com.mx\/index.php?rest_route=\/wp\/v2\/users\/1"}],"replies":[{"embeddable":true,"href":"https:\/\/hydromedic.com.mx\/index.php?rest_route=%2Fwp%2Fv2%2Fcomments&post=480"}],"version-history":[{"count":296,"href":"https:\/\/hydromedic.com.mx\/index.php?rest_route=\/wp\/v2\/pages\/480\/revisions"}],"predecessor-version":[{"id":1207,"href":"https:\/\/hydromedic.com.mx\/index.php?rest_route=\/wp\/v2\/pages\/480\/revisions\/1207"}],"wp:attachment":[{"href":"https:\/\/hydromedic.com.mx\/index.php?rest_route=%2Fwp%2Fv2%2Fmedia&parent=480"}],"curies":[{"name":"wp","href":"https:\/\/api.w.org\/{rel}","templated":true}]}}