{"id":40,"date":"2016-08-18T18:41:02","date_gmt":"2016-08-18T18:41:02","guid":{"rendered":"http:\/\/hydromedic.com.mx\/?page_id=40"},"modified":"2017-02-27T22:59:45","modified_gmt":"2017-02-27T22:59:45","slug":"mecanoterapia","status":"publish","type":"page","link":"https:\/\/hydromedic.com.mx\/?page_id=40","title":{"rendered":"MECANOTERAPIA"},"content":{"rendered":"<h5><a href=\"http:\/\/hydromedic.com.mx\/wp-content\/uploads\/2016\/08\/hydromedic.jpg\"><img loading=\"lazy\" class=\"alignnone size-medium wp-image-4\" src=\"http:\/\/hydromedic.com.mx\/wp-content\/uploads\/2016\/08\/hydromedic-300x72.jpg\" alt=\"hydromedic\" width=\"300\" height=\"72\" srcset=\"https:\/\/hydromedic.com.mx\/wp-content\/uploads\/2016\/08\/hydromedic-300x72.jpg 300w, https:\/\/hydromedic.com.mx\/wp-content\/uploads\/2016\/08\/hydromedic-1024x245.jpg 1024w, https:\/\/hydromedic.com.mx\/wp-content\/uploads\/2016\/08\/hydromedic-830x198.jpg 830w, https:\/\/hydromedic.com.mx\/wp-content\/uploads\/2016\/08\/hydromedic-230x55.jpg 230w, https:\/\/hydromedic.com.mx\/wp-content\/uploads\/2016\/08\/hydromedic-350x84.jpg 350w, https:\/\/hydromedic.com.mx\/wp-content\/uploads\/2016\/08\/hydromedic-480x115.jpg 480w, https:\/\/hydromedic.com.mx\/wp-content\/uploads\/2016\/08\/hydromedic.jpg 1038w\" sizes=\"(max-width: 300px) 100vw, 300px\" \/><\/a><\/h5>\n<h5><\/h5>\n<p>&nbsp;<\/p>\n<h5 style=\"text-align: center;\">La \u00a0mecanoterapia es una disciplina que \u00a0se \u00a0engloba \u00a0dentro de \u00a0la \u00a0fisioterapia \u00a0y \u00a0es \u00a0la<br \/>\nutilizaci\u00f3n terap\u00e9utica e higi\u00e9nica de aparatos mec\u00e1nicos y en Hydromedic nos hemos<br \/>\ncaracterizado por fabricar equipos para mecanoterapia, ofreciendo a nuestros clientes\u00a0la total confianza de que ha adquirido un producto probado y con la mejor calidad\u00a0del mercado.<\/h5>\n<p>&nbsp;<\/p>\n<p>&nbsp;<\/p>\n<p><a href=\"http:\/\/hydromedic.com.mx\/wp-content\/uploads\/2016\/08\/0702-700lowrez.jpg\"><img loading=\"lazy\" class=\"size-medium wp-image-132 alignleft\" src=\"http:\/\/hydromedic.com.mx\/wp-content\/uploads\/2016\/08\/0702-700lowrez-169x300.jpg\" alt=\"0702-700lowrez\" width=\"169\" height=\"300\" srcset=\"https:\/\/hydromedic.com.mx\/wp-content\/uploads\/2016\/08\/0702-700lowrez-169x300.jpg 169w, https:\/\/hydromedic.com.mx\/wp-content\/uploads\/2016\/08\/0702-700lowrez-576x1024.jpg 576w, https:\/\/hydromedic.com.mx\/wp-content\/uploads\/2016\/08\/0702-700lowrez.jpg 664w\" sizes=\"(max-width: 169px) 100vw, 169px\" \/><\/a><\/p>\n<p>Espejo de postura m\u00f3vil, Fabricado en vidrio grueso platinado<br \/>\nde 6 mm de espesor, Montado en marco de madera de 5.7 cm<br \/>\nde ancho por 3.8 cm de espesor, Fabricado en madera estufada<br \/>\ny desflemada, acabado barniz natural, Con base de estructura<br \/>\nde madera y ruedas de 2\u201d (5.08 cm), con freno.<br \/>\nMARCA HYDROMEDIC, MODELO HM &#8211; EP700.<\/p>\n<p>&nbsp;<\/p>\n<p>&nbsp;<\/p>\n<p>&nbsp;<\/p>\n<p>&nbsp;<\/p>\n<p>&nbsp;<\/p>\n<p>&nbsp;<\/p>\n<p>&nbsp;<\/p>\n<p><a href=\"http:\/\/hydromedic.com.mx\/wp-content\/uploads\/2016\/08\/escalera-con-rampa-varniz-claro.jpg\"><img loading=\"lazy\" class=\"size-medium wp-image-149 alignleft\" src=\"http:\/\/hydromedic.com.mx\/wp-content\/uploads\/2016\/08\/escalera-con-rampa-varniz-claro-300x235.jpg\" alt=\"escalera con rampa varniz claro\" width=\"300\" height=\"235\" srcset=\"https:\/\/hydromedic.com.mx\/wp-content\/uploads\/2016\/08\/escalera-con-rampa-varniz-claro-300x235.jpg 300w, https:\/\/hydromedic.com.mx\/wp-content\/uploads\/2016\/08\/escalera-con-rampa-varniz-claro-1024x803.jpg 1024w, https:\/\/hydromedic.com.mx\/wp-content\/uploads\/2016\/08\/escalera-con-rampa-varniz-claro.jpg 1205w\" sizes=\"(max-width: 300px) 100vw, 300px\" \/><\/a><\/p>\n<p>Escalera con rampa, fabricada en dos<br \/>\nsecciones de madera estufada y<br \/>\ndesflemada, con acabado de barniz<br \/>\nduro natural, con antiderrapante y<br \/>\npasamanos de madera o metal, y<br \/>\nescalones. 1 a\u00f1o de garant\u00eda.<br \/>\nMARCA HYDROMEDIC, MODELO<br \/>\nHM &#8211; ER815.<\/p>\n<p>&nbsp;<\/p>\n<p>&nbsp;<\/p>\n<p>&nbsp;<\/p>\n<p>&nbsp;<\/p>\n<p>&nbsp;<\/p>\n<p><a href=\"http:\/\/hydromedic.com.mx\/wp-content\/uploads\/2016\/08\/mesa-de-tratamiento.jpg\"><img loading=\"lazy\" class=\"size-medium wp-image-150 alignleft\" src=\"http:\/\/hydromedic.com.mx\/wp-content\/uploads\/2016\/08\/mesa-de-tratamiento-300x206.jpg\" alt=\"mesa de tratamiento\" width=\"300\" height=\"206\" srcset=\"https:\/\/hydromedic.com.mx\/wp-content\/uploads\/2016\/08\/mesa-de-tratamiento-300x206.jpg 300w, https:\/\/hydromedic.com.mx\/wp-content\/uploads\/2016\/08\/mesa-de-tratamiento-1024x702.jpg 1024w, https:\/\/hydromedic.com.mx\/wp-content\/uploads\/2016\/08\/mesa-de-tratamiento.jpg 1025w\" sizes=\"(max-width: 300px) 100vw, 300px\" \/><\/a>Mesa de tratamiento, Fabricada en madera estufada<br \/>\ny desflemada para protecci\u00f3n contra humedad<br \/>\ny plagas, acabado en barniz duro natural, con<br \/>\ncolch\u00f3n hule espuma de 24 kg y 5cm de grosor de<br \/>\nalta densidad y duraci\u00f3n,\u00a0forrado en vinil de alta<br \/>\nresistencia a la tracci\u00f3n y desgarro, con entrepa\u00f1o<br \/>\npara colocar objetos diversos, 1 a\u00f1o de garant\u00eda<br \/>\nMARCA HYDROMEDIC, MODELO HM &#8211; MT40.<\/p>\n<p>&nbsp;<\/p>\n<p>&nbsp;<\/p>\n<p>&nbsp;<\/p>\n<p>&nbsp;<\/p>\n<p>&nbsp;<\/p>\n<p>&nbsp;<\/p>\n<p>&nbsp;<\/p>\n<p>&nbsp;<\/p>\n<p><a href=\"http:\/\/hydromedic.com.mx\/wp-content\/uploads\/2016\/08\/BARRAS_PARALELAS_5011.jpg\"><img loading=\"lazy\" class=\"size-medium wp-image-136 alignleft\" src=\"http:\/\/hydromedic.com.mx\/wp-content\/uploads\/2016\/08\/BARRAS_PARALELAS_5011-300x189.jpg\" alt=\"BARRAS_PARALELAS_5011\" width=\"300\" height=\"189\" srcset=\"https:\/\/hydromedic.com.mx\/wp-content\/uploads\/2016\/08\/BARRAS_PARALELAS_5011-300x189.jpg 300w, https:\/\/hydromedic.com.mx\/wp-content\/uploads\/2016\/08\/BARRAS_PARALELAS_5011.jpg 550w\" sizes=\"(max-width: 300px) 100vw, 300px\" \/><\/a><\/p>\n<p>&nbsp;<\/p>\n<p>&nbsp;<\/p>\n<p><a href=\"http:\/\/hydromedic.com.mx\/wp-content\/uploads\/2016\/08\/imagesS5S19PGD.jpg\"><\/p>\n<p><\/a><\/p>\n<p>&nbsp;<\/p>\n<p>&nbsp;<\/p>\n<p><img loading=\"lazy\" class=\"size-medium wp-image-137 alignleft\" src=\"http:\/\/hydromedic.com.mx\/wp-content\/uploads\/2016\/08\/barras-paralelas-300x250.png\" alt=\"barras paralelas\" width=\"300\" height=\"250\" srcset=\"https:\/\/hydromedic.com.mx\/wp-content\/uploads\/2016\/08\/barras-paralelas-300x250.png 300w, https:\/\/hydromedic.com.mx\/wp-content\/uploads\/2016\/08\/barras-paralelas-1024x853.png 1024w\" sizes=\"(max-width: 300px) 100vw, 300px\" \/><\/p>\n<p>&nbsp;<\/p>\n<p>&nbsp;<\/p>\n<p>&nbsp;<\/p>\n<p>&nbsp;<\/p>\n<p>&nbsp;<\/p>\n<p>&nbsp;<\/p>\n<p>&nbsp;<\/p>\n<p>&nbsp;<\/p>\n<p><a href=\"http:\/\/hydromedic.com.mx\/wp-content\/uploads\/2016\/08\/mesasport2.png\"><img loading=\"lazy\" class=\"alignnone size-medium wp-image-143\" src=\"http:\/\/hydromedic.com.mx\/wp-content\/uploads\/2016\/08\/mesasport2-300x179.png\" alt=\"mesasport2\" width=\"300\" height=\"179\" srcset=\"https:\/\/hydromedic.com.mx\/wp-content\/uploads\/2016\/08\/mesasport2-300x179.png 300w, https:\/\/hydromedic.com.mx\/wp-content\/uploads\/2016\/08\/mesasport2-1024x610.png 1024w, https:\/\/hydromedic.com.mx\/wp-content\/uploads\/2016\/08\/mesasport2.png 1982w\" sizes=\"(max-width: 300px) 100vw, 300px\" \/><\/a><\/p>\n<p>&nbsp;<\/p>\n<p>&nbsp;<\/p>\n<p><a href=\"http:\/\/hydromedic.com.mx\/wp-content\/uploads\/2016\/08\/tabla-de-cuadripceps.jpg\"><br \/>\n<\/a> <a href=\"http:\/\/hydromedic.com.mx\/wp-content\/uploads\/2016\/08\/mesasport3.png\"><img loading=\"lazy\" class=\"alignnone wp-image-145\" src=\"http:\/\/hydromedic.com.mx\/wp-content\/uploads\/2016\/08\/mesasport3-300x139.png\" alt=\"mesasport3\" width=\"354\" height=\"164\" srcset=\"https:\/\/hydromedic.com.mx\/wp-content\/uploads\/2016\/08\/mesasport3-300x139.png 300w, https:\/\/hydromedic.com.mx\/wp-content\/uploads\/2016\/08\/mesasport3-1024x474.png 1024w, https:\/\/hydromedic.com.mx\/wp-content\/uploads\/2016\/08\/mesasport3.png 2043w\" sizes=\"(max-width: 354px) 100vw, 354px\" \/><\/a><\/p>\n","protected":false},"excerpt":{"rendered":"<p>&nbsp; La \u00a0mecanoterapia es una disciplina que \u00a0se \u00a0engloba \u00a0dentro de \u00a0la \u00a0fisioterapia \u00a0y \u00a0es \u00a0la utilizaci\u00f3n terap\u00e9utica e higi\u00e9nica de aparatos mec\u00e1nicos y en Hydromedic nos hemos caracterizado por fabricar equipos para mecanoterapia, ofreciendo a nuestros clientes\u00a0la total confianza&hellip; <\/p>\n","protected":false},"author":1,"featured_media":0,"parent":0,"menu_order":0,"comment_status":"closed","ping_status":"closed","template":"","meta":[],"acf":[],"yoast_head":"<!-- This site is optimized with the Yoast SEO plugin v15.9.1 - https:\/\/yoast.com\/wordpress\/plugins\/seo\/ -->\n<title>MECANOTERAPIA - HYDROMEDIC<\/title>\n<meta property=\"og:locale\" content=\"es_ES\" \/>\n<meta property=\"og:type\" content=\"article\" \/>\n<meta property=\"og:title\" content=\"MECANOTERAPIA - HYDROMEDIC\" \/>\n<meta property=\"og:description\" content=\"&nbsp; La \u00a0mecanoterapia es una disciplina que \u00a0se \u00a0engloba \u00a0dentro de \u00a0la \u00a0fisioterapia \u00a0y \u00a0es \u00a0la utilizaci\u00f3n terap\u00e9utica e higi\u00e9nica de aparatos mec\u00e1nicos y en Hydromedic nos hemos caracterizado por fabricar equipos para mecanoterapia, ofreciendo a nuestros clientes\u00a0la total confianza&hellip;\" \/>\n<meta property=\"og:url\" content=\"https:\/\/hydromedic.com.mx\/?page_id=40\" \/>\n<meta property=\"og:site_name\" content=\"HYDROMEDIC\" \/>\n<meta property=\"article:modified_time\" content=\"2017-02-27T22:59:45+00:00\" \/>\n<meta property=\"og:image\" content=\"http:\/\/hydromedic.com.mx\/wp-content\/uploads\/2016\/08\/hydromedic-300x72.jpg\" \/>\n<meta name=\"twitter:card\" content=\"summary\" \/>\n<meta name=\"twitter:label1\" content=\"Tiempo de lectura\">\n\t<meta name=\"twitter:data1\" content=\"1 minuto\">\n<script type=\"application\/ld+json\" class=\"yoast-schema-graph\">{\"@context\":\"https:\/\/schema.org\",\"@graph\":[{\"@type\":\"Organization\",\"@id\":\"https:\/\/hydromedic.com.mx\/#organization\",\"name\":\"HYDROMEDIC SA DE CV\",\"url\":\"https:\/\/hydromedic.com.mx\/\",\"sameAs\":[],\"logo\":{\"@type\":\"ImageObject\",\"@id\":\"https:\/\/hydromedic.com.mx\/#logo\",\"inLanguage\":\"es\",\"url\":\"https:\/\/hydromedic.com.mx\/wp-content\/uploads\/2016\/08\/hydromedic.jpg\",\"width\":1038,\"height\":248,\"caption\":\"HYDROMEDIC SA DE CV\"},\"image\":{\"@id\":\"https:\/\/hydromedic.com.mx\/#logo\"}},{\"@type\":\"WebSite\",\"@id\":\"https:\/\/hydromedic.com.mx\/#website\",\"url\":\"https:\/\/hydromedic.com.mx\/\",\"name\":\"HYDROMEDIC\",\"description\":\"Equipo Medico, Rehabilitacion y Medicina del deporte\",\"publisher\":{\"@id\":\"https:\/\/hydromedic.com.mx\/#organization\"},\"potentialAction\":[{\"@type\":\"SearchAction\",\"target\":\"https:\/\/hydromedic.com.mx\/?s={search_term_string}\",\"query-input\":\"required name=search_term_string\"}],\"inLanguage\":\"es\"},{\"@type\":\"ImageObject\",\"@id\":\"https:\/\/hydromedic.com.mx\/?page_id=40#primaryimage\",\"inLanguage\":\"es\",\"url\":\"http:\/\/hydromedic.com.mx\/wp-content\/uploads\/2016\/08\/hydromedic-300x72.jpg\"},{\"@type\":\"WebPage\",\"@id\":\"https:\/\/hydromedic.com.mx\/?page_id=40#webpage\",\"url\":\"https:\/\/hydromedic.com.mx\/?page_id=40\",\"name\":\"MECANOTERAPIA - HYDROMEDIC\",\"isPartOf\":{\"@id\":\"https:\/\/hydromedic.com.mx\/#website\"},\"primaryImageOfPage\":{\"@id\":\"https:\/\/hydromedic.com.mx\/?page_id=40#primaryimage\"},\"datePublished\":\"2016-08-18T18:41:02+00:00\",\"dateModified\":\"2017-02-27T22:59:45+00:00\",\"breadcrumb\":{\"@id\":\"https:\/\/hydromedic.com.mx\/?page_id=40#breadcrumb\"},\"inLanguage\":\"es\",\"potentialAction\":[{\"@type\":\"ReadAction\",\"target\":[\"https:\/\/hydromedic.com.mx\/?page_id=40\"]}]},{\"@type\":\"BreadcrumbList\",\"@id\":\"https:\/\/hydromedic.com.mx\/?page_id=40#breadcrumb\",\"itemListElement\":[{\"@type\":\"ListItem\",\"position\":1,\"item\":{\"@type\":\"WebPage\",\"@id\":\"https:\/\/hydromedic.com.mx\/\",\"url\":\"https:\/\/hydromedic.com.mx\/\",\"name\":\"Inicio\"}},{\"@type\":\"ListItem\",\"position\":2,\"item\":{\"@type\":\"WebPage\",\"@id\":\"https:\/\/hydromedic.com.mx\/?page_id=40\",\"url\":\"https:\/\/hydromedic.com.mx\/?page_id=40\",\"name\":\"MECANOTERAPIA\"}}]}]}<\/script>\n<!-- \/ Yoast SEO plugin. -->","_links":{"self":[{"href":"https:\/\/hydromedic.com.mx\/index.php?rest_route=\/wp\/v2\/pages\/40"}],"collection":[{"href":"https:\/\/hydromedic.com.mx\/index.php?rest_route=\/wp\/v2\/pages"}],"about":[{"href":"https:\/\/hydromedic.com.mx\/index.php?rest_route=\/wp\/v2\/types\/page"}],"author":[{"embeddable":true,"href":"https:\/\/hydromedic.com.mx\/index.php?rest_route=\/wp\/v2\/users\/1"}],"replies":[{"embeddable":true,"href":"https:\/\/hydromedic.com.mx\/index.php?rest_route=%2Fwp%2Fv2%2Fcomments&post=40"}],"version-history":[{"count":16,"href":"https:\/\/hydromedic.com.mx\/index.php?rest_route=\/wp\/v2\/pages\/40\/revisions"}],"predecessor-version":[{"id":193,"href":"https:\/\/hydromedic.com.mx\/index.php?rest_route=\/wp\/v2\/pages\/40\/revisions\/193"}],"wp:attachment":[{"href":"https:\/\/hydromedic.com.mx\/index.php?rest_route=%2Fwp%2Fv2%2Fmedia&parent=40"}],"curies":[{"name":"wp","href":"https:\/\/api.w.org\/{rel}","templated":true}]}}