{"id":38,"date":"2016-08-18T18:40:48","date_gmt":"2016-08-18T18:40:48","guid":{"rendered":"http:\/\/hydromedic.com.mx\/?page_id=38"},"modified":"2016-08-18T23:14:09","modified_gmt":"2016-08-18T23:14:09","slug":"terapia-fria","status":"publish","type":"page","link":"https:\/\/hydromedic.com.mx\/?page_id=38","title":{"rendered":"TERAPIA FRIA"},"content":{"rendered":"<p><a href=\"http:\/\/hydromedic.com.mx\/wp-content\/uploads\/2016\/08\/COLD-THERAPY.jpg\"><img loading=\"lazy\" class=\"alignnone size-medium wp-image-21\" src=\"http:\/\/hydromedic.com.mx\/wp-content\/uploads\/2016\/08\/COLD-THERAPY-300x84.jpg\" alt=\"COLD THERAPY\" width=\"300\" height=\"84\" srcset=\"https:\/\/hydromedic.com.mx\/wp-content\/uploads\/2016\/08\/COLD-THERAPY-300x84.jpg 300w, https:\/\/hydromedic.com.mx\/wp-content\/uploads\/2016\/08\/COLD-THERAPY-1024x288.jpg 1024w\" sizes=\"(max-width: 300px) 100vw, 300px\" \/><\/a><\/p>\n<p>&nbsp;<\/p>\n<p>&nbsp;<\/p>\n<h5 style=\"text-align: justify;\">La aplicaci\u00f3n adecuada de terapia en fr\u00edo mantiene una diversidad de beneficios terap\u00e9uticos al tratar lesiones agudas como torceduras musculares e hiperextensi\u00f3n. Las unidades de enfriamiento Coldtherapy\u00a0regulan las compresas a una temperatura fr\u00eda adecuada antes de aplicarlas en la superficie de la piel y m\u00fasculo en las \u00e1reas con problema. La terapia en\u00a0fr\u00edo crea un efecto de protecci\u00f3n del m\u00fasculo que restringe el da\u00f1o al tejido y promueve la constricci\u00f3n de los vasos para reducir la inflamaci\u00f3n.<\/h5>\n<p>&nbsp;<\/p>\n<p><a href=\"http:\/\/hydromedic.com.mx\/wp-content\/uploads\/2016\/08\/compresero-frio.jpg\"><img loading=\"lazy\" class=\"alignnone size-medium wp-image-103\" src=\"http:\/\/hydromedic.com.mx\/wp-content\/uploads\/2016\/08\/compresero-frio-300x296.jpg\" alt=\"compresero frio\" width=\"300\" height=\"296\" srcset=\"https:\/\/hydromedic.com.mx\/wp-content\/uploads\/2016\/08\/compresero-frio-300x296.jpg 300w, https:\/\/hydromedic.com.mx\/wp-content\/uploads\/2016\/08\/compresero-frio-1024x1010.jpg 1024w, https:\/\/hydromedic.com.mx\/wp-content\/uploads\/2016\/08\/compresero-frio.jpg 1796w\" sizes=\"(max-width: 300px) 100vw, 300px\" \/><\/a><\/p>\n<p>&nbsp;<\/p>\n<p>&nbsp;<\/p>\n<h5 style=\"text-align: justify;\">Rel\u00e1jese con el peque\u00f1o\u00a0Coldtherapy. Esta compacta unidad de enfriamiento se surte normalmente con repisas especialmente dise\u00f1adas que almacenan seis\u00a0compresas, proporcionando un f\u00e1cil acceso y remoci\u00f3n para \u00a0un r\u00e1pido alivio del dolor. El peque\u00f1o\u00a0Coldtherapy\u00a0realiza el mismo gran enfriamiento que el Coldtherapy\u00a0en una peque\u00f1a y econ\u00f3mica unidad.<\/h5>\n","protected":false},"excerpt":{"rendered":"<p>&nbsp; &nbsp; La aplicaci\u00f3n adecuada de terapia en fr\u00edo mantiene una diversidad de beneficios terap\u00e9uticos al tratar lesiones agudas como torceduras musculares e hiperextensi\u00f3n. Las unidades de enfriamiento Coldtherapy\u00a0regulan las compresas a una temperatura fr\u00eda adecuada antes de aplicarlas en&hellip; <\/p>\n","protected":false},"author":1,"featured_media":0,"parent":0,"menu_order":0,"comment_status":"closed","ping_status":"closed","template":"","meta":[],"acf":[],"yoast_head":"<!-- This site is optimized with the Yoast SEO plugin v15.9.1 - https:\/\/yoast.com\/wordpress\/plugins\/seo\/ -->\n<title>TERAPIA FRIA - HYDROMEDIC<\/title>\n<meta property=\"og:locale\" content=\"es_ES\" \/>\n<meta property=\"og:type\" content=\"article\" \/>\n<meta property=\"og:title\" content=\"TERAPIA FRIA - HYDROMEDIC\" \/>\n<meta property=\"og:description\" content=\"&nbsp; &nbsp; La aplicaci\u00f3n adecuada de terapia en fr\u00edo mantiene una diversidad de beneficios terap\u00e9uticos al tratar lesiones agudas como torceduras musculares e hiperextensi\u00f3n. Las unidades de enfriamiento Coldtherapy\u00a0regulan las compresas a una temperatura fr\u00eda adecuada antes de aplicarlas en&hellip;\" \/>\n<meta property=\"og:url\" content=\"http:\/\/hydromedic.com.mx\/?page_id=38\" \/>\n<meta property=\"og:site_name\" content=\"HYDROMEDIC\" \/>\n<meta property=\"article:modified_time\" content=\"2016-08-18T23:14:09+00:00\" \/>\n<meta property=\"og:image\" content=\"http:\/\/hydromedic.com.mx\/wp-content\/uploads\/2016\/08\/COLD-THERAPY-300x84.jpg\" \/>\n<meta name=\"twitter:card\" content=\"summary\" \/>\n<meta name=\"twitter:label1\" content=\"Tiempo de lectura\">\n\t<meta name=\"twitter:data1\" content=\"1 minuto\">\n<script type=\"application\/ld+json\" class=\"yoast-schema-graph\">{\"@context\":\"https:\/\/schema.org\",\"@graph\":[{\"@type\":\"Organization\",\"@id\":\"http:\/\/hydromedic.com.mx\/#organization\",\"name\":\"HYDROMEDIC SA DE CV\",\"url\":\"http:\/\/hydromedic.com.mx\/\",\"sameAs\":[],\"logo\":{\"@type\":\"ImageObject\",\"@id\":\"http:\/\/hydromedic.com.mx\/#logo\",\"inLanguage\":\"es\",\"url\":\"https:\/\/hydromedic.com.mx\/wp-content\/uploads\/2016\/08\/hydromedic.jpg\",\"width\":1038,\"height\":248,\"caption\":\"HYDROMEDIC SA DE CV\"},\"image\":{\"@id\":\"http:\/\/hydromedic.com.mx\/#logo\"}},{\"@type\":\"WebSite\",\"@id\":\"http:\/\/hydromedic.com.mx\/#website\",\"url\":\"http:\/\/hydromedic.com.mx\/\",\"name\":\"HYDROMEDIC\",\"description\":\"Equipo Medico, Rehabilitacion y Medicina del deporte\",\"publisher\":{\"@id\":\"http:\/\/hydromedic.com.mx\/#organization\"},\"potentialAction\":[{\"@type\":\"SearchAction\",\"target\":\"http:\/\/hydromedic.com.mx\/?s={search_term_string}\",\"query-input\":\"required name=search_term_string\"}],\"inLanguage\":\"es\"},{\"@type\":\"ImageObject\",\"@id\":\"http:\/\/hydromedic.com.mx\/?page_id=38#primaryimage\",\"inLanguage\":\"es\",\"url\":\"http:\/\/hydromedic.com.mx\/wp-content\/uploads\/2016\/08\/COLD-THERAPY-300x84.jpg\"},{\"@type\":\"WebPage\",\"@id\":\"http:\/\/hydromedic.com.mx\/?page_id=38#webpage\",\"url\":\"http:\/\/hydromedic.com.mx\/?page_id=38\",\"name\":\"TERAPIA FRIA - HYDROMEDIC\",\"isPartOf\":{\"@id\":\"http:\/\/hydromedic.com.mx\/#website\"},\"primaryImageOfPage\":{\"@id\":\"http:\/\/hydromedic.com.mx\/?page_id=38#primaryimage\"},\"datePublished\":\"2016-08-18T18:40:48+00:00\",\"dateModified\":\"2016-08-18T23:14:09+00:00\",\"breadcrumb\":{\"@id\":\"http:\/\/hydromedic.com.mx\/?page_id=38#breadcrumb\"},\"inLanguage\":\"es\",\"potentialAction\":[{\"@type\":\"ReadAction\",\"target\":[\"http:\/\/hydromedic.com.mx\/?page_id=38\"]}]},{\"@type\":\"BreadcrumbList\",\"@id\":\"http:\/\/hydromedic.com.mx\/?page_id=38#breadcrumb\",\"itemListElement\":[{\"@type\":\"ListItem\",\"position\":1,\"item\":{\"@type\":\"WebPage\",\"@id\":\"http:\/\/hydromedic.com.mx\/\",\"url\":\"http:\/\/hydromedic.com.mx\/\",\"name\":\"Inicio\"}},{\"@type\":\"ListItem\",\"position\":2,\"item\":{\"@type\":\"WebPage\",\"@id\":\"http:\/\/hydromedic.com.mx\/?page_id=38\",\"url\":\"http:\/\/hydromedic.com.mx\/?page_id=38\",\"name\":\"TERAPIA FRIA\"}}]}]}<\/script>\n<!-- \/ Yoast SEO plugin. -->","_links":{"self":[{"href":"https:\/\/hydromedic.com.mx\/index.php?rest_route=\/wp\/v2\/pages\/38"}],"collection":[{"href":"https:\/\/hydromedic.com.mx\/index.php?rest_route=\/wp\/v2\/pages"}],"about":[{"href":"https:\/\/hydromedic.com.mx\/index.php?rest_route=\/wp\/v2\/types\/page"}],"author":[{"embeddable":true,"href":"https:\/\/hydromedic.com.mx\/index.php?rest_route=\/wp\/v2\/users\/1"}],"replies":[{"embeddable":true,"href":"https:\/\/hydromedic.com.mx\/index.php?rest_route=%2Fwp%2Fv2%2Fcomments&post=38"}],"version-history":[{"count":4,"href":"https:\/\/hydromedic.com.mx\/index.php?rest_route=\/wp\/v2\/pages\/38\/revisions"}],"predecessor-version":[{"id":130,"href":"https:\/\/hydromedic.com.mx\/index.php?rest_route=\/wp\/v2\/pages\/38\/revisions\/130"}],"wp:attachment":[{"href":"https:\/\/hydromedic.com.mx\/index.php?rest_route=%2Fwp%2Fv2%2Fmedia&parent=38"}],"curies":[{"name":"wp","href":"https:\/\/api.w.org\/{rel}","templated":true}]}}