{"id":34,"date":"2016-08-18T18:39:54","date_gmt":"2016-08-18T18:39:54","guid":{"rendered":"http:\/\/hydromedic.com.mx\/?page_id=34"},"modified":"2020-10-27T21:04:48","modified_gmt":"2020-10-27T21:04:48","slug":"terapia-de-calor-seco","status":"publish","type":"page","link":"https:\/\/hydromedic.com.mx\/?page_id=34","title":{"rendered":"TERAPIA DE CALOR SECO"},"content":{"rendered":"<h5 style=\"text-align: justify;\"><a href=\"http:\/\/hydromedic.com.mx\/wp-content\/uploads\/2016\/08\/thermo-terapia.jpg\"><img loading=\"lazy\" class=\"alignnone size-medium wp-image-19\" src=\"http:\/\/hydromedic.com.mx\/wp-content\/uploads\/2016\/08\/thermo-terapia-300x58.jpg\" alt=\"thermo terapia\" width=\"300\" height=\"58\" srcset=\"https:\/\/hydromedic.com.mx\/wp-content\/uploads\/2016\/08\/thermo-terapia-300x58.jpg 300w, https:\/\/hydromedic.com.mx\/wp-content\/uploads\/2016\/08\/thermo-terapia-1024x199.jpg 1024w, https:\/\/hydromedic.com.mx\/wp-content\/uploads\/2016\/08\/thermo-terapia.jpg 1449w\" sizes=\"(max-width: 300px) 100vw, 300px\" \/><\/a><\/h5>\n<pre style=\"text-align: left;\">La fluidoterapia se utiliza para proporcionar un calentamiento superficial a la parte del cuerpo a trabajar, el cual busca lograr m\u00faltiples beneficios fisiol\u00f3gicos y terap\u00e9uticos.\r\nCombina simult\u00e1neamente el calor, masaje, flotaci\u00f3n sensorial, desensibilizaci\u00f3n y cambios en la presi\u00f3n, produciendo estimulaci\u00f3n de los mecanorreceptores y los termorreceptores reduciendo la sensibilidad al dolor.<\/pre>\n<h5 style=\"text-align: justify;\">EST\u00c1 INDICADO EN:<\/h5>\n<p>DOLOR LOCALIZADO<\/p>\n<p>RANGO DE MOVIMIENTO DISM<a href=\"http:\/\/hydromedic.com.mx\/wp-content\/uploads\/2016\/08\/FLUIDO-NUEVA.jpg\"><img loading=\"lazy\" class=\"wp-image-256 alignleft\" src=\"http:\/\/hydromedic.com.mx\/wp-content\/uploads\/2016\/08\/FLUIDO-NUEVA-225x300.jpg\" alt=\"\" width=\"364\" height=\"485\" srcset=\"https:\/\/hydromedic.com.mx\/wp-content\/uploads\/2016\/08\/FLUIDO-NUEVA-225x300.jpg 225w, https:\/\/hydromedic.com.mx\/wp-content\/uploads\/2016\/08\/FLUIDO-NUEVA.jpg 768w\" sizes=\"(max-width: 364px) 100vw, 364px\" \/><\/a>INUIDO<\/p>\n<p>ARTRITIS<\/p>\n<p>S\u00cdNDROME DEL T\u00daNEL<\/p>\n<p>HIPERSENSIBILIDAD<\/p>\n<p>RIGIDEZ DE ARTICULACIONES<\/p>\n<p>PROBLEMAS NEUROL\u00d3GICOS<\/p>\n<p>TRATAMIENTO DE EDEMAS<\/p>\n<p>TERAPIA POST-OPERATORIA<\/p>\n<p>TENDINITIS DE LA MANO<\/p>\n<p>FRACTURAS<\/p>\n<p>LESIONES DEL DEPORTE<\/p>\n<p>NEUROPAT\u00cdA DIAB\u00c9TICA<\/p>\n<p>&nbsp;<\/p>\n<p>&nbsp;<\/p>\n<p>&nbsp;<\/p>\n<p>&nbsp;<\/p>\n<p>&nbsp;<\/p>\n<p>&nbsp;<\/p>\n<p>&nbsp;<\/p>\n<p>&nbsp;<\/p>\n","protected":false},"excerpt":{"rendered":"<p>La fluidoterapia se utiliza para proporcionar un calentamiento superficial a la parte del cuerpo a trabajar, el cual busca lograr m\u00faltiples beneficios fisiol\u00f3gicos y terap\u00e9uticos. Combina simult\u00e1neamente el calor, masaje, flotaci\u00f3n sensorial, desensibilizaci\u00f3n y cambios en la presi\u00f3n, produciendo estimulaci\u00f3n&hellip; <\/p>\n","protected":false},"author":1,"featured_media":0,"parent":0,"menu_order":0,"comment_status":"closed","ping_status":"closed","template":"","meta":[],"acf":[],"yoast_head":"<!-- This site is optimized with the Yoast SEO plugin v15.9.1 - https:\/\/yoast.com\/wordpress\/plugins\/seo\/ -->\n<title>TERAPIA DE CALOR SECO - HYDROMEDIC<\/title>\n<meta property=\"og:locale\" content=\"es_ES\" \/>\n<meta property=\"og:type\" content=\"article\" \/>\n<meta property=\"og:title\" content=\"TERAPIA DE CALOR SECO - HYDROMEDIC\" \/>\n<meta property=\"og:description\" content=\"La fluidoterapia se utiliza para proporcionar un calentamiento superficial a la parte del cuerpo a trabajar, el cual busca lograr m\u00faltiples beneficios fisiol\u00f3gicos y terap\u00e9uticos. Combina simult\u00e1neamente el calor, masaje, flotaci\u00f3n sensorial, desensibilizaci\u00f3n y cambios en la presi\u00f3n, produciendo estimulaci\u00f3n&hellip;\" \/>\n<meta property=\"og:url\" content=\"http:\/\/hydromedic.com.mx\/?page_id=34\" \/>\n<meta property=\"og:site_name\" content=\"HYDROMEDIC\" \/>\n<meta property=\"article:modified_time\" content=\"2020-10-27T21:04:48+00:00\" \/>\n<meta property=\"og:image\" content=\"http:\/\/hydromedic.com.mx\/wp-content\/uploads\/2016\/08\/thermo-terapia-300x58.jpg\" \/>\n<meta name=\"twitter:card\" content=\"summary\" \/>\n<meta name=\"twitter:label1\" content=\"Tiempo de lectura\">\n\t<meta name=\"twitter:data1\" content=\"1 minuto\">\n<script type=\"application\/ld+json\" class=\"yoast-schema-graph\">{\"@context\":\"https:\/\/schema.org\",\"@graph\":[{\"@type\":\"Organization\",\"@id\":\"http:\/\/hydromedic.com.mx\/#organization\",\"name\":\"HYDROMEDIC SA DE CV\",\"url\":\"http:\/\/hydromedic.com.mx\/\",\"sameAs\":[],\"logo\":{\"@type\":\"ImageObject\",\"@id\":\"http:\/\/hydromedic.com.mx\/#logo\",\"inLanguage\":\"es\",\"url\":\"https:\/\/hydromedic.com.mx\/wp-content\/uploads\/2016\/08\/hydromedic.jpg\",\"width\":1038,\"height\":248,\"caption\":\"HYDROMEDIC SA DE CV\"},\"image\":{\"@id\":\"http:\/\/hydromedic.com.mx\/#logo\"}},{\"@type\":\"WebSite\",\"@id\":\"http:\/\/hydromedic.com.mx\/#website\",\"url\":\"http:\/\/hydromedic.com.mx\/\",\"name\":\"HYDROMEDIC\",\"description\":\"Equipo Medico, Rehabilitacion y Medicina del deporte\",\"publisher\":{\"@id\":\"http:\/\/hydromedic.com.mx\/#organization\"},\"potentialAction\":[{\"@type\":\"SearchAction\",\"target\":\"http:\/\/hydromedic.com.mx\/?s={search_term_string}\",\"query-input\":\"required name=search_term_string\"}],\"inLanguage\":\"es\"},{\"@type\":\"ImageObject\",\"@id\":\"http:\/\/hydromedic.com.mx\/?page_id=34#primaryimage\",\"inLanguage\":\"es\",\"url\":\"http:\/\/hydromedic.com.mx\/wp-content\/uploads\/2016\/08\/thermo-terapia-300x58.jpg\"},{\"@type\":\"WebPage\",\"@id\":\"http:\/\/hydromedic.com.mx\/?page_id=34#webpage\",\"url\":\"http:\/\/hydromedic.com.mx\/?page_id=34\",\"name\":\"TERAPIA DE CALOR SECO - HYDROMEDIC\",\"isPartOf\":{\"@id\":\"http:\/\/hydromedic.com.mx\/#website\"},\"primaryImageOfPage\":{\"@id\":\"http:\/\/hydromedic.com.mx\/?page_id=34#primaryimage\"},\"datePublished\":\"2016-08-18T18:39:54+00:00\",\"dateModified\":\"2020-10-27T21:04:48+00:00\",\"breadcrumb\":{\"@id\":\"http:\/\/hydromedic.com.mx\/?page_id=34#breadcrumb\"},\"inLanguage\":\"es\",\"potentialAction\":[{\"@type\":\"ReadAction\",\"target\":[\"http:\/\/hydromedic.com.mx\/?page_id=34\"]}]},{\"@type\":\"BreadcrumbList\",\"@id\":\"http:\/\/hydromedic.com.mx\/?page_id=34#breadcrumb\",\"itemListElement\":[{\"@type\":\"ListItem\",\"position\":1,\"item\":{\"@type\":\"WebPage\",\"@id\":\"http:\/\/hydromedic.com.mx\/\",\"url\":\"http:\/\/hydromedic.com.mx\/\",\"name\":\"Inicio\"}},{\"@type\":\"ListItem\",\"position\":2,\"item\":{\"@type\":\"WebPage\",\"@id\":\"http:\/\/hydromedic.com.mx\/?page_id=34\",\"url\":\"http:\/\/hydromedic.com.mx\/?page_id=34\",\"name\":\"TERAPIA DE CALOR SECO\"}}]}]}<\/script>\n<!-- \/ Yoast SEO plugin. -->","_links":{"self":[{"href":"https:\/\/hydromedic.com.mx\/index.php?rest_route=\/wp\/v2\/pages\/34"}],"collection":[{"href":"https:\/\/hydromedic.com.mx\/index.php?rest_route=\/wp\/v2\/pages"}],"about":[{"href":"https:\/\/hydromedic.com.mx\/index.php?rest_route=\/wp\/v2\/types\/page"}],"author":[{"embeddable":true,"href":"https:\/\/hydromedic.com.mx\/index.php?rest_route=\/wp\/v2\/users\/1"}],"replies":[{"embeddable":true,"href":"https:\/\/hydromedic.com.mx\/index.php?rest_route=%2Fwp%2Fv2%2Fcomments&post=34"}],"version-history":[{"count":15,"href":"https:\/\/hydromedic.com.mx\/index.php?rest_route=\/wp\/v2\/pages\/34\/revisions"}],"predecessor-version":[{"id":258,"href":"https:\/\/hydromedic.com.mx\/index.php?rest_route=\/wp\/v2\/pages\/34\/revisions\/258"}],"wp:attachment":[{"href":"https:\/\/hydromedic.com.mx\/index.php?rest_route=%2Fwp%2Fv2%2Fmedia&parent=34"}],"curies":[{"name":"wp","href":"https:\/\/api.w.org\/{rel}","templated":true}]}}