{"id":30,"date":"2016-08-18T18:36:46","date_gmt":"2016-08-18T18:36:46","guid":{"rendered":"http:\/\/hydromedic.com.mx\/?page_id=30"},"modified":"2021-07-12T20:24:21","modified_gmt":"2021-07-12T20:24:21","slug":"fabricantes-equipo-de-rehabilitacion-2","status":"publish","type":"page","link":"https:\/\/hydromedic.com.mx\/?page_id=30","title":{"rendered":"HIDROTERAPIA"},"content":{"rendered":"<figure><img width=\"2435\" height=\"407\" src=\"http:\/\/hydromedic.com.mx\/wp-content\/uploads\/2016\/08\/HYDROSMAR-SOLO.jpg\" alt=\"\" loading=\"lazy\" srcset=\"http:\/\/hydromedic.com.mx\/wp-content\/uploads\/2016\/08\/HYDROSMAR-SOLO.jpg 2435w, http:\/\/hydromedic.com.mx\/wp-content\/uploads\/2016\/08\/HYDROSMAR-SOLO-300x50.jpg 300w, http:\/\/hydromedic.com.mx\/wp-content\/uploads\/2016\/08\/HYDROSMAR-SOLO-1024x171.jpg 1024w\" sizes=\"(max-width: 2435px) 100vw, 2435px\" \/><\/figure>\n<h3>TINAS DE HIDROTERAPIA<\/h3>\n<p>LAS TINAS HYDROSMART COMBINAN LA INMERSI\u00d3N DE TODO EL CUERPO CON EL FAC\u00cdL ACCESO Y OFRECE UNA COBERTURA REHABILITANTE COMPLETA PARA LAS \u00c1REAS DE LA ESPALDA, CADERA, HOMBROS Y BRAZOS; ESTAS UNIDADES LARGAS Y POCO PROFUNDAS EST\u00c1N DISE\u00d1ADAS A BAJA ALTURA PARA FACILITAR EL ACCESO. LA SERIE HYDROSMART EST\u00c1 DISPONIBLE EN CAPACIADADES DE:<\/p>\n<p>15G, 22G, 35G, 45G,  60G, 75G,  90G Y 110G.<br \/>EN LOS ESTILOS PORT\u00c1TILES Y ESTACIONARIOS. <\/p>\n<figure><img src=\"http:\/\/hydromedic.com.mx\/wp-content\/uploads\/2021\/05\/tina-para-manual-1-177x300.jpg\" alt=\"tina para manual\" \/><\/figure>\n<figure><img src=\"http:\/\/hydromedic.com.mx\/wp-content\/uploads\/2021\/05\/tina-de-lado-new-206x300.jpg\" alt=\"tina new\" \/><\/figure>\n<figure><img src=\"http:\/\/hydromedic.com.mx\/wp-content\/uploads\/2021\/05\/tina-para-manual-177x300.jpg\" alt=\"tina para manual\" \/><\/figure>\n<figure><img src=\"http:\/\/hydromedic.com.mx\/wp-content\/uploads\/2021\/05\/tinas-chicas-300x247.jpg\" alt=\"tinas chicas\" \/><\/figure>\n<p>\t\t\t\t\t\tAnterior<br \/>\n\t\t\t\t\t\tSiguiente<\/p>\n<h2>NUEVA L\u00cdNEA DE TINAS DE COLOR<\/h2>\n<p>HYDROMEDIC FABRICA LOS MEJORES EQUIPOS DE REHABILITACI\u00d2N CON LA MEJOR CALIDAD Y VANGUARD\u00ccA EN M\u00c8XICO, ES POR ESO QUE SACAMOS LA NUEVA L\u00ccNEA EN POVO ELECTROST\u00c0TICO,\u00a0 CONTAMOS CON UNA GRAN VARIEDAD DE COLERES PREGUNTALE A TU EJECUTIVO DE VENTAS.<\/p>\n<p>\t\t\t\t\t\t\t<a href=\"http:\/\/hydromedic.com.mx\/wp-content\/uploads\/2021\/05\/tina-9.png\" data-elementor-open-lightbox=\"yes\" data-elementor-lightbox-slideshow=\"all-9b2531e\" data-elementor-lightbox-title=\"tina-(9)\"><br \/>\n\t\t\t\t\t\t\t\t\t\t\t\t\t\t<\/a><br \/>\n\t\t\t\t\t\t\t<a href=\"http:\/\/hydromedic.com.mx\/wp-content\/uploads\/2021\/05\/tina-6.png\" data-elementor-open-lightbox=\"yes\" data-elementor-lightbox-slideshow=\"all-9b2531e\" data-elementor-lightbox-title=\"tina-(6)\"><br \/>\n\t\t\t\t\t\t\t\t\t\t\t\t\t\t<\/a><br \/>\n\t\t\t\t\t\t\t<a href=\"http:\/\/hydromedic.com.mx\/wp-content\/uploads\/2021\/05\/tina-3.png\" data-elementor-open-lightbox=\"yes\" data-elementor-lightbox-slideshow=\"all-9b2531e\" data-elementor-lightbox-title=\"tina-(3)\"><br \/>\n\t\t\t\t\t\t\t\t\t\t\t\t\t\t<\/a><br \/>\n\t\t\t\t\t\t\t<a href=\"http:\/\/hydromedic.com.mx\/wp-content\/uploads\/2021\/05\/DSC0046.png\" data-elementor-open-lightbox=\"yes\" data-elementor-lightbox-slideshow=\"all-9b2531e\" data-elementor-lightbox-title=\"_DSC0046\"><br \/>\n\t\t\t\t\t\t\t\t\t\t\t\t\t\t<\/a><br \/>\n\t\t\t\t\t\t\t<a href=\"http:\/\/hydromedic.com.mx\/wp-content\/uploads\/2021\/05\/DSC0128-2.png\" data-elementor-open-lightbox=\"yes\" data-elementor-lightbox-slideshow=\"all-9b2531e\" data-elementor-lightbox-title=\"_DSC0128-2\"><br \/>\n\t\t\t\t\t\t\t\t\t\t\t\t\t\t<\/a><br \/>\n\t\t\t\t\t\t\t<a href=\"http:\/\/hydromedic.com.mx\/wp-content\/uploads\/2021\/05\/DSC0124.png\" data-elementor-open-lightbox=\"yes\" data-elementor-lightbox-slideshow=\"all-9b2531e\" data-elementor-lightbox-title=\"_DSC0124\"><br \/>\n\t\t\t\t\t\t\t\t\t\t\t\t\t\t<\/a><br \/>\n\t\t\t\t\t\t\t<a href=\"http:\/\/hydromedic.com.mx\/wp-content\/uploads\/2021\/05\/DSC0136.png\" data-elementor-open-lightbox=\"yes\" data-elementor-lightbox-slideshow=\"all-9b2531e\" data-elementor-lightbox-title=\"_DSC0136\"><br \/>\n\t\t\t\t\t\t\t\t\t\t\t\t\t\t<\/a><br \/>\n\t\t\t\t\t\t\t<a href=\"http:\/\/hydromedic.com.mx\/wp-content\/uploads\/2021\/05\/DSC0044.png\" data-elementor-open-lightbox=\"yes\" data-elementor-lightbox-slideshow=\"all-9b2531e\" data-elementor-lightbox-title=\"_DSC0044\"><br \/>\n\t\t\t\t\t\t\t\t\t\t\t\t\t\t<\/a><br \/>\n\t\t\t\t\t\t\t\t\t\t<img width=\"248\" height=\"300\" src=\"http:\/\/hydromedic.com.mx\/wp-content\/uploads\/2021\/03\/hubbard-para-modificacion-248x300.png\" alt=\"\" loading=\"lazy\" srcset=\"http:\/\/hydromedic.com.mx\/wp-content\/uploads\/2021\/03\/hubbard-para-modificacion-248x300.png 248w, http:\/\/hydromedic.com.mx\/wp-content\/uploads\/2021\/03\/hubbard-para-modificacion-845x1024.png 845w, http:\/\/hydromedic.com.mx\/wp-content\/uploads\/2021\/03\/hubbard-para-modificacion-768x930.png 768w, http:\/\/hydromedic.com.mx\/wp-content\/uploads\/2021\/03\/hubbard-para-modificacion.png 975w\" sizes=\"(max-width: 248px) 100vw, 248px\" \/>\t\t\t\t\t\t\t\t\t\t\t<\/p>\n<p>Completa inmersi\u00f3n del cuerpo, se recomienda para el tratamiento de las extremidades superior e inferior, con espacio para\u00a0el movimiento del cuerpo y el ejercicio.<br \/>Con la forma de \u00abMariposa\u00bb permite el acceso f\u00e1cil a los terapeutas para asegurar la comodidad del paciente. Fabricadas\u00a0en acero inoxidable Tipo 304, tienen alta resistencia a la corrosi\u00f3n<\/p>\n<h2>HUBBARD<\/h2>\n<h3>Somos fabricantes No. 1 en M\u00e9xico <\/h3>\n<p>\t\t<iframe loading=\"lazy\" title=\"Hubbard\" width=\"700\" height=\"394\" src=\"https:\/\/www.youtube.com\/embed\/FbtTgFM0FQo?feature=oembed\" frameborder=\"0\" allow=\"accelerometer; autoplay; clipboard-write; encrypted-media; gyroscope; picture-in-picture; web-share\" referrerpolicy=\"strict-origin-when-cross-origin\" allowfullscreen><\/iframe>\t\t<\/p>\n<p>Funcionamiento de turbinas.<\/p>\n<p>\t\t\t\t\t\t\t\t\t\t<img width=\"1024\" height=\"171\" src=\"http:\/\/hydromedic.com.mx\/wp-content\/uploads\/2021\/07\/HydroSmart-1024x171.png\" alt=\"\" loading=\"lazy\" srcset=\"http:\/\/hydromedic.com.mx\/wp-content\/uploads\/2021\/07\/HydroSmart-1024x171.png 1024w, http:\/\/hydromedic.com.mx\/wp-content\/uploads\/2021\/07\/HydroSmart-300x50.png 300w, http:\/\/hydromedic.com.mx\/wp-content\/uploads\/2021\/07\/HydroSmart-768x128.png 768w, http:\/\/hydromedic.com.mx\/wp-content\/uploads\/2021\/07\/HydroSmart-1536x257.png 1536w, http:\/\/hydromedic.com.mx\/wp-content\/uploads\/2021\/07\/HydroSmart-2048x342.png 2048w\" sizes=\"(max-width: 1024px) 100vw, 1024px\" \/>\t\t\t\t\t\t\t\t\t\t\t<\/p>\n<h4>TANQUE DE HIDROTERAPIA<\/h4>\n<p>EN HYDROMEDIC NOS ADAPTAMOS A TUS NECESIDADES, YA QUE PODEMOS FABRICAR CUALQUIER TIPO DE TANQUE CON&nbsp; INNOVADORES Y SOFISTICADOS DISE\u00d1OS.<\/p>\n<p>\t\t\t<a role=\"button\"><br \/>\n\t\t\t\t\t<\/a><br \/>\n\t\t\t\t\t\t\t\t\t\t<img width=\"1024\" height=\"768\" src=\"http:\/\/hydromedic.com.mx\/wp-content\/uploads\/2021\/07\/WhatsApp-Image-2021-06-02-at-1.18.38-PM-7.jpeg\" alt=\"\" loading=\"lazy\" srcset=\"http:\/\/hydromedic.com.mx\/wp-content\/uploads\/2021\/07\/WhatsApp-Image-2021-06-02-at-1.18.38-PM-7.jpeg 1024w, http:\/\/hydromedic.com.mx\/wp-content\/uploads\/2021\/07\/WhatsApp-Image-2021-06-02-at-1.18.38-PM-7-300x225.jpeg 300w, http:\/\/hydromedic.com.mx\/wp-content\/uploads\/2021\/07\/WhatsApp-Image-2021-06-02-at-1.18.38-PM-7-768x576.jpeg 768w\" sizes=\"(max-width: 1024px) 100vw, 1024px\" \/>\t\t\t\t\t\t\t\t\t\t\t<\/p>\n<h2>FILTRACION Y EMPOTRABLES<\/h2>\n<ul>\n<li>\n\t\t\t\t\t\t\t\t\t\tMOTOBOMBA\n\t\t\t\t\t\t\t\t\t<\/li>\n<li>\n\t\t\t\t\t\t\t\t\t\tFILTRADO\n\t\t\t\t\t\t\t\t\t<\/li>\n<li>\n\t\t\t\t\t\t\t\t\t\tDESNATADOR DE SUPERFICIE\n\t\t\t\t\t\t\t\t\t<\/li>\n<\/ul>\n<p>\t\t\t\t\t\t\t\t\t\t<img width=\"1024\" height=\"768\" src=\"http:\/\/hydromedic.com.mx\/wp-content\/uploads\/2021\/07\/WhatsApp-Image-2021-06-02-at-1.20.27-PM-5.jpeg\" alt=\"\" loading=\"lazy\" srcset=\"http:\/\/hydromedic.com.mx\/wp-content\/uploads\/2021\/07\/WhatsApp-Image-2021-06-02-at-1.20.27-PM-5.jpeg 1024w, http:\/\/hydromedic.com.mx\/wp-content\/uploads\/2021\/07\/WhatsApp-Image-2021-06-02-at-1.20.27-PM-5-300x225.jpeg 300w, http:\/\/hydromedic.com.mx\/wp-content\/uploads\/2021\/07\/WhatsApp-Image-2021-06-02-at-1.20.27-PM-5-768x576.jpeg 768w\" sizes=\"(max-width: 1024px) 100vw, 1024px\" \/>\t\t\t\t\t\t\t\t\t\t\t<\/p>\n<h2>CALENTAMIENTO<\/h2>\n<ul>\n<li>\n\t\t\t\t\t\t\t\t\t\tBOMBA DE CALOR\n\t\t\t\t\t\t\t\t\t<\/li>\n<li>\n\t\t\t\t\t\t\t\t\t\tMEDIDOR DE FLUJO HORIZONTAL\n\t\t\t\t\t\t\t\t\t<\/li>\n<\/ul>\n<p>\t\t\t\t\t\t\t\t\t\t<img width=\"1024\" height=\"768\" src=\"http:\/\/hydromedic.com.mx\/wp-content\/uploads\/2021\/07\/WhatsApp-Image-2021-06-02-at-1.18.38-PM-3.jpeg\" alt=\"\" loading=\"lazy\" srcset=\"http:\/\/hydromedic.com.mx\/wp-content\/uploads\/2021\/07\/WhatsApp-Image-2021-06-02-at-1.18.38-PM-3.jpeg 1024w, http:\/\/hydromedic.com.mx\/wp-content\/uploads\/2021\/07\/WhatsApp-Image-2021-06-02-at-1.18.38-PM-3-300x225.jpeg 300w, http:\/\/hydromedic.com.mx\/wp-content\/uploads\/2021\/07\/WhatsApp-Image-2021-06-02-at-1.18.38-PM-3-768x576.jpeg 768w\" sizes=\"(max-width: 1024px) 100vw, 1024px\" \/>\t\t\t\t\t\t\t\t\t\t\t<\/p>\n<h2>EQUIPOS DE HIDROMASAJE<\/h2>\n<ul>\n<li>\n\t\t\t\t\t\t\t\t\t\tDREN DE FONDO\n\t\t\t\t\t\t\t\t\t<\/li>\n<li>\n\t\t\t\t\t\t\t\t\t\tHIDROJET\n\t\t\t\t\t\t\t\t\t<\/li>\n<li>\n\t\t\t\t\t\t\t\t\t\tCONTROL DE AIRE\n\t\t\t\t\t\t\t\t\t<\/li>\n<li>\n\t\t\t\t\t\t\t\t\t\tMOTOBOMBA 0.75  HP\n\t\t\t\t\t\t\t\t\t<\/li>\n<li>\n\t\t\t\t\t\t\t\t\t\tINTERRUPTOR NEUMATICO\n\t\t\t\t\t\t\t\t\t<\/li>\n<\/ul>\n<p>\t\t\t\t\t\t\t\t\t\t<img width=\"1024\" height=\"768\" src=\"http:\/\/hydromedic.com.mx\/wp-content\/uploads\/2021\/07\/WhatsApp-Image-2021-06-01-at-10.15.10-PM.jpeg\" alt=\"\" loading=\"lazy\" srcset=\"http:\/\/hydromedic.com.mx\/wp-content\/uploads\/2021\/07\/WhatsApp-Image-2021-06-01-at-10.15.10-PM.jpeg 1024w, http:\/\/hydromedic.com.mx\/wp-content\/uploads\/2021\/07\/WhatsApp-Image-2021-06-01-at-10.15.10-PM-300x225.jpeg 300w, http:\/\/hydromedic.com.mx\/wp-content\/uploads\/2021\/07\/WhatsApp-Image-2021-06-01-at-10.15.10-PM-768x576.jpeg 768w\" sizes=\"(max-width: 1024px) 100vw, 1024px\" \/>\t\t\t\t\t\t\t\t\t\t\t<\/p>\n<h2>DESINFECCI\u00d2N<\/h2>\n<ul>\n<li>\n\t\t\t\t\t\t\t\t\t\tELECTROLISIS SALINA\n\t\t\t\t\t\t\t\t\t<\/li>\n<li>\n\t\t\t\t\t\t\t\t\t\tSAL INDUSTRIAL\n\t\t\t\t\t\t\t\t\t<\/li>\n<li>\n\t\t\t\t\t\t\t\t\t\tMEDIDOR\n\t\t\t\t\t\t\t\t\t<\/li>\n<\/ul>\n<p>\t\t<iframe loading=\"lazy\" title=\"CONTROL TANQUE TERAPEUTICO\" width=\"700\" height=\"394\" src=\"https:\/\/www.youtube.com\/embed\/F6Y2G-WciYk?feature=oembed\" frameborder=\"0\" allow=\"accelerometer; autoplay; clipboard-write; encrypted-media; gyroscope; picture-in-picture; web-share\" referrerpolicy=\"strict-origin-when-cross-origin\" allowfullscreen><\/iframe>\t\t<\/p>\n<h2>AUTOMATIZACI\u00d2N<\/h2>\n<p>SISTEMA DE AUTOMATIZACI\u00d2N INTELIGENTE CON MEDICI\u00d2N Y CONTROL DE CONCENTRACI\u00d2N DE CLORO POR MEDIO DE ORP, MEDICI\u00d2N PH, MEDICI\u00d2N TEMPERATURA Y CONTROL DE SISTEMAS DE CALENTAMIENTO INCLUIDO PANEL SOLAR Y 4 AUXILIARES CON INTERFAZ A SMARTPHONE<\/p>\n<p>https:\/\/youtu.be\/wK_EPkTDB18\t\t<\/p>\n<h2>NADO CONTRA CORRIENTE<\/h2>\n<p>SISTEMA DE NADO CONTRA CORRIENTE DE 5 HP QUE INCLUYE BOQUILLAS, BOMBA DE ALTO FLUJO Y VELOCIDAD VARIABLE, ARRANCADOR, CONTROL DE AIRE Y BOT\u00d2N DE ENCENDIDO Y APAGADO.<\/p>\n<h2>BY HYDROMEDIC<\/h2>\n<figure><img width=\"1045\" height=\"422\" src=\"http:\/\/hydromedic.com.mx\/wp-content\/uploads\/2016\/08\/AQUABIKE.jpg\" alt=\"\" loading=\"lazy\" srcset=\"http:\/\/hydromedic.com.mx\/wp-content\/uploads\/2016\/08\/AQUABIKE.jpg 1045w, http:\/\/hydromedic.com.mx\/wp-content\/uploads\/2016\/08\/AQUABIKE-300x121.jpg 300w, http:\/\/hydromedic.com.mx\/wp-content\/uploads\/2016\/08\/AQUABIKE-1024x414.jpg 1024w\" sizes=\"(max-width: 1045px) 100vw, 1045px\" \/><\/figure>\n<h3>BICICLETA ACU\u00c1TICA<\/h3>\n<p>ES EL MODELO M\u00c1S COMPLETO POR DISPONER DE TODOS LOS AJUSTES POSIBLES; ES EL M\u00c1S APROPIADO PARA REHABILITACI\u00d3N , ENTRETENIMIENTO PERSONAL O PARA EL USUARIO QUE DESEE ADAPTAR TOTALMENTE LA BICICLETA A SUS PREFERENCIAS Y NECESIDADES. EL MODELO AQUABIKE 2000 CUENTA CON UN MANUBRIO Y ASIENTO AJUSTABLE.<br \/>ES UNA EXCELNTE HERRAMIENTA DE EJERCICIO CARDIOVASCULAR, LAS ARTICULACIONES NO SUFREN PRESI\u00d3N PREVINIENDO POSIBLES DOLENCIAS.<\/p>\n<p>*AQUABIKE APORTA LAS MEJORES HERRAMIENTAS DE REHABILITACI\u00d3N ADAPTADAS AL USO EN PISCINA.\n<\/p>\n<figure><img src=\"http:\/\/hydromedic.com.mx\/wp-content\/uploads\/2021\/05\/IMG_00002341-227x300.jpg\" alt=\"IMG_00002341\" \/><\/figure>\n<figure><img src=\"http:\/\/hydromedic.com.mx\/wp-content\/uploads\/2021\/05\/WhatsApp-Image-2021-05-11-at-4.22.20-PM-1-300x225.jpeg\" alt=\"WhatsApp Image 2021-05-11 at 4.22.20 PM (1)\" \/><\/figure>\n<figure><img src=\"http:\/\/hydromedic.com.mx\/wp-content\/uploads\/2021\/05\/WhatsApp-Image-2021-05-11-at-4.22.20-PM-2-225x300.jpeg\" alt=\"WhatsApp Image 2021-05-11 at 4.22.20 PM (2)\" \/><\/figure>\n<figure><img src=\"http:\/\/hydromedic.com.mx\/wp-content\/uploads\/2021\/05\/WhatsApp-Image-2021-05-11-at-4.22.20-PM-5-300x225.jpeg\" alt=\"WhatsApp Image 2021-05-11 at 4.22.20 PM (5)\" \/><\/figure>\n<p>\t\t\t\t\t\tAnterior<br \/>\n\t\t\t\t\t\tSiguiente<\/p>\n<figure><img width=\"676\" height=\"331\" src=\"http:\/\/hydromedic.com.mx\/wp-content\/uploads\/2016\/08\/POOLSTEP.jpg\" alt=\"\" loading=\"lazy\" srcset=\"http:\/\/hydromedic.com.mx\/wp-content\/uploads\/2016\/08\/POOLSTEP.jpg 676w, http:\/\/hydromedic.com.mx\/wp-content\/uploads\/2016\/08\/POOLSTEP-300x147.jpg 300w\" sizes=\"(max-width: 676px) 100vw, 676px\" \/><\/figure>\n<h3>CAMINADORA ACU\u00c1TICA<\/h3>\n<p>CON LA CAMINADORA POOLSTEP PODR\u00c1 TRABAJAR LA FUERZA, LA RESISTENCIA Y LA REHABILITACIO\u00d3N DE FORMA SEGURA CON UNA EXCELENTE ESTABILIDAD Y A SU PROPIO RITMO. ESTA DISE\u00d1ADA PARA EL USO DIARIO E INTENSIVO EN CURSOS COLECTIVOS O INDIVIDUALES. LA CAMINADOR POOL STEP ES ULTRA COMPACTA Y LIGERA, ESTA FABRICADA CON ACERO INOXIDABLE DE GRAN CALIDAD CON UN TRATAMIENTO ANTI-CORROSI\u00d3N QUE GARANTIZA UNA LARGA DURABILIDAD.<\/p>\n<figure><img src=\"http:\/\/hydromedic.com.mx\/wp-content\/uploads\/2021\/05\/Cinta-Acuatica-Aquajogg-300x272.jpg\" alt=\"Cinta-Acuatica-Aquajogg\" \/><\/figure>\n<figure><img src=\"http:\/\/hydromedic.com.mx\/wp-content\/uploads\/2021\/05\/WhatsApp-Image-2021-05-11-at-4.22.20-PM-4-169x300.jpeg\" alt=\"WhatsApp Image 2021-05-11 at 4.22.20 PM (4)\" \/><\/figure>\n<figure><img src=\"http:\/\/hydromedic.com.mx\/wp-content\/uploads\/2021\/05\/WhatsApp-Image-2021-05-11-at-4.22.20-PM-3-169x300.jpeg\" alt=\"WhatsApp Image 2021-05-11 at 4.22.20 PM (3)\" \/><\/figure>\n<figure><img src=\"http:\/\/hydromedic.com.mx\/wp-content\/uploads\/2021\/05\/WhatsApp-Image-2021-05-11-at-4.22.20-PM-169x300.jpeg\" alt=\"WhatsApp Image 2021-05-11 at 4.22.20 PM\" \/><\/figure>\n<p>\t\t\t\t\t\tAnterior<br \/>\n\t\t\t\t\t\tSiguiente<\/p>\n","protected":false},"excerpt":{"rendered":"<p>TINAS DE HIDROTERAPIA LAS TINAS HYDROSMART COMBINAN LA INMERSI\u00d3N DE TODO EL CUERPO CON EL FAC\u00cdL ACCESO Y OFRECE UNA COBERTURA REHABILITANTE COMPLETA PARA LAS \u00c1REAS DE LA ESPALDA, CADERA, HOMBROS Y BRAZOS; ESTAS UNIDADES LARGAS Y POCO PROFUNDAS EST\u00c1N&hellip; <\/p>\n","protected":false},"author":1,"featured_media":0,"parent":0,"menu_order":0,"comment_status":"closed","ping_status":"closed","template":"","meta":[],"acf":[],"yoast_head":"<!-- This site is optimized with the Yoast SEO plugin v15.9.1 - https:\/\/yoast.com\/wordpress\/plugins\/seo\/ -->\n<title>HYDROMEDIC EQUIPO MEDICO Y REHABILITACI\u00d3N<\/title>\n<meta name=\"description\" content=\"HYDROMEDIC FABRICANTES DE EQUIPO MEDICO, REHABILITACI\u00d3N Y MEDICINA DEL DEPORTE COMO: TINAS HUBBARD, CUERPO ENTERO O MIEMBROS, COMPRESEROS CALIENTES Y FRIOS\" \/>\n<meta property=\"og:locale\" content=\"es_ES\" \/>\n<meta property=\"og:type\" content=\"article\" \/>\n<meta property=\"og:title\" content=\"HYDROMEDIC EQUIPO MEDICO Y REHABILITACI\u00d3N\" \/>\n<meta property=\"og:description\" content=\"HYDROMEDIC FABRICANTES DE EQUIPO MEDICO, REHABILITACI\u00d3N Y MEDICINA DEL DEPORTE COMO: TINAS HUBBARD, CUERPO ENTERO O MIEMBROS, COMPRESEROS CALIENTES Y FRIOS\" \/>\n<meta property=\"og:url\" content=\"http:\/\/hydromedic.com.mx\/?page_id=30\" \/>\n<meta property=\"og:site_name\" content=\"HYDROMEDIC\" \/>\n<meta property=\"article:modified_time\" content=\"2021-07-12T20:24:21+00:00\" \/>\n<meta property=\"og:image\" content=\"http:\/\/hydromedic.com.mx\/wp-content\/uploads\/2016\/08\/HYDROSMAR-SOLO.jpg\" \/>\n<meta name=\"twitter:card\" content=\"summary\" \/>\n<meta name=\"twitter:label1\" content=\"Tiempo de lectura\">\n\t<meta name=\"twitter:data1\" content=\"10 minutos\">\n<script type=\"application\/ld+json\" class=\"yoast-schema-graph\">{\"@context\":\"https:\/\/schema.org\",\"@graph\":[{\"@type\":\"Organization\",\"@id\":\"http:\/\/hydromedic.com.mx\/#organization\",\"name\":\"HYDROMEDIC SA DE CV\",\"url\":\"http:\/\/hydromedic.com.mx\/\",\"sameAs\":[],\"logo\":{\"@type\":\"ImageObject\",\"@id\":\"http:\/\/hydromedic.com.mx\/#logo\",\"inLanguage\":\"es\",\"url\":\"https:\/\/hydromedic.com.mx\/wp-content\/uploads\/2016\/08\/hydromedic.jpg\",\"width\":1038,\"height\":248,\"caption\":\"HYDROMEDIC SA DE CV\"},\"image\":{\"@id\":\"http:\/\/hydromedic.com.mx\/#logo\"}},{\"@type\":\"WebSite\",\"@id\":\"http:\/\/hydromedic.com.mx\/#website\",\"url\":\"http:\/\/hydromedic.com.mx\/\",\"name\":\"HYDROMEDIC\",\"description\":\"Equipo Medico, Rehabilitacion y Medicina del deporte\",\"publisher\":{\"@id\":\"http:\/\/hydromedic.com.mx\/#organization\"},\"potentialAction\":[{\"@type\":\"SearchAction\",\"target\":\"http:\/\/hydromedic.com.mx\/?s={search_term_string}\",\"query-input\":\"required name=search_term_string\"}],\"inLanguage\":\"es\"},{\"@type\":\"ImageObject\",\"@id\":\"http:\/\/hydromedic.com.mx\/?page_id=30#primaryimage\",\"inLanguage\":\"es\",\"url\":\"http:\/\/hydromedic.com.mx\/wp-content\/uploads\/2016\/08\/HYDROSMAR-SOLO.jpg\"},{\"@type\":\"WebPage\",\"@id\":\"http:\/\/hydromedic.com.mx\/?page_id=30#webpage\",\"url\":\"http:\/\/hydromedic.com.mx\/?page_id=30\",\"name\":\"HYDROMEDIC EQUIPO MEDICO Y REHABILITACI\\u00d3N\",\"isPartOf\":{\"@id\":\"http:\/\/hydromedic.com.mx\/#website\"},\"primaryImageOfPage\":{\"@id\":\"http:\/\/hydromedic.com.mx\/?page_id=30#primaryimage\"},\"datePublished\":\"2016-08-18T18:36:46+00:00\",\"dateModified\":\"2021-07-12T20:24:21+00:00\",\"description\":\"HYDROMEDIC FABRICANTES DE EQUIPO MEDICO, REHABILITACI\\u00d3N Y MEDICINA DEL DEPORTE COMO: TINAS HUBBARD, CUERPO ENTERO O MIEMBROS, COMPRESEROS CALIENTES Y FRIOS\",\"breadcrumb\":{\"@id\":\"http:\/\/hydromedic.com.mx\/?page_id=30#breadcrumb\"},\"inLanguage\":\"es\",\"potentialAction\":[{\"@type\":\"ReadAction\",\"target\":[\"http:\/\/hydromedic.com.mx\/?page_id=30\"]}]},{\"@type\":\"BreadcrumbList\",\"@id\":\"http:\/\/hydromedic.com.mx\/?page_id=30#breadcrumb\",\"itemListElement\":[{\"@type\":\"ListItem\",\"position\":1,\"item\":{\"@type\":\"WebPage\",\"@id\":\"http:\/\/hydromedic.com.mx\/\",\"url\":\"http:\/\/hydromedic.com.mx\/\",\"name\":\"Inicio\"}},{\"@type\":\"ListItem\",\"position\":2,\"item\":{\"@type\":\"WebPage\",\"@id\":\"http:\/\/hydromedic.com.mx\/?page_id=30\",\"url\":\"http:\/\/hydromedic.com.mx\/?page_id=30\",\"name\":\"HIDROTERAPIA\"}}]}]}<\/script>\n<!-- \/ Yoast SEO plugin. -->","_links":{"self":[{"href":"https:\/\/hydromedic.com.mx\/index.php?rest_route=\/wp\/v2\/pages\/30"}],"collection":[{"href":"https:\/\/hydromedic.com.mx\/index.php?rest_route=\/wp\/v2\/pages"}],"about":[{"href":"https:\/\/hydromedic.com.mx\/index.php?rest_route=\/wp\/v2\/types\/page"}],"author":[{"embeddable":true,"href":"https:\/\/hydromedic.com.mx\/index.php?rest_route=\/wp\/v2\/users\/1"}],"replies":[{"embeddable":true,"href":"https:\/\/hydromedic.com.mx\/index.php?rest_route=%2Fwp%2Fv2%2Fcomments&post=30"}],"version-history":[{"count":93,"href":"https:\/\/hydromedic.com.mx\/index.php?rest_route=\/wp\/v2\/pages\/30\/revisions"}],"predecessor-version":[{"id":1191,"href":"https:\/\/hydromedic.com.mx\/index.php?rest_route=\/wp\/v2\/pages\/30\/revisions\/1191"}],"wp:attachment":[{"href":"https:\/\/hydromedic.com.mx\/index.php?rest_route=%2Fwp%2Fv2%2Fmedia&parent=30"}],"curies":[{"name":"wp","href":"https:\/\/api.w.org\/{rel}","templated":true}]}}