{"id":36,"date":"2016-08-18T18:40:32","date_gmt":"2016-08-18T18:40:32","guid":{"rendered":"http:\/\/hydromedic.com.mx\/?page_id=36"},"modified":"2016-08-18T23:06:11","modified_gmt":"2016-08-18T23:06:11","slug":"terapia-de-parafina","status":"publish","type":"page","link":"http:\/\/hydromedic.com.mx\/?page_id=36","title":{"rendered":"TERAPIA DE PARAFINA"},"content":{"rendered":"<h6><a href=\"http:\/\/hydromedic.com.mx\/wp-content\/uploads\/2016\/08\/theracare-logo.jpg\"><img loading=\"lazy\" class=\"alignnone size-medium wp-image-17\" src=\"http:\/\/hydromedic.com.mx\/wp-content\/uploads\/2016\/08\/theracare-logo-300x154.jpg\" alt=\"theracare logo\" width=\"300\" height=\"154\" srcset=\"http:\/\/hydromedic.com.mx\/wp-content\/uploads\/2016\/08\/theracare-logo-300x154.jpg 300w, http:\/\/hydromedic.com.mx\/wp-content\/uploads\/2016\/08\/theracare-logo.jpg 898w\" sizes=\"(max-width: 300px) 100vw, 300px\" \/><\/a><\/h6>\n<h6><\/h6>\n<h5 style=\"text-align: justify;\">Nuestros parafineros\u00a0TheraCare paraffin son una alternativa estacionaria para los modelos convencionales port\u00e1tiles, y son perfectos para todas las aplicaciones cl\u00ednicas y de atenci\u00f3n m\u00e9dica. Fabricados con acero inoxidable, los parafineros\u00a0TheraCare\u00a0proveen calor para ayudar a una mayor circulaci\u00f3n y ayudar a reducir la tensi\u00f3n y las torceduras musculares. Cada unidad est\u00e1 controlada por termostato y equipada con una ligera cubierta de acero inoxidable, con indicador de encendido para se\u00f1alar que la parafina se est\u00e1 calentando.<\/h5>\n<h5><\/h5>\n<h6 style=\"text-align: right;\"><span style=\"color: #0000ff;\">Proporciona calor para ayudar a una mayor circulaci\u00f3n y <\/span><\/h6>\n<h6 style=\"text-align: right;\"><span style=\"color: #0000ff;\">ayuda a reducir la tensi\u00f3n y las torceduras musculares.<\/span><\/h6>\n<p>&nbsp;<\/p>\n<p>&nbsp;<\/p>\n<p><a href=\"http:\/\/hydromedic.com.mx\/wp-content\/uploads\/2016\/08\/PARAFINEROS.jpg\"><img loading=\"lazy\" class=\"size-medium wp-image-105 aligncenter\" src=\"http:\/\/hydromedic.com.mx\/wp-content\/uploads\/2016\/08\/PARAFINEROS-300x169.jpg\" alt=\"PARAFINEROS\" width=\"300\" height=\"169\" srcset=\"http:\/\/hydromedic.com.mx\/wp-content\/uploads\/2016\/08\/PARAFINEROS-300x169.jpg 300w, http:\/\/hydromedic.com.mx\/wp-content\/uploads\/2016\/08\/PARAFINEROS-1024x576.jpg 1024w, http:\/\/hydromedic.com.mx\/wp-content\/uploads\/2016\/08\/PARAFINEROS.jpg 1051w\" sizes=\"(max-width: 300px) 100vw, 300px\" \/><\/a><\/p>\n<p>&nbsp;<\/p>\n<h5 style=\"text-align: justify;\">Los tanques TheraCare paraffin\u00a0para parafina comprueban una y otra vez ser la parte m\u00e1s suntuosa y durable de la l\u00ednea de productos de terapia con parafina. Estos modelos de vanguardia est\u00e1n acabados con molduras de madera s\u00f3lida pulida, que est\u00e1n tallados para dar un c\u00f3modo y fresco soporte al brazo o a la pierna durante la terapia con parafina. Los tanques\u00a0TheraCare paraffin\u00a0ofrecen lujo a cualquier aplicaci\u00f3n de atenci\u00f3n m\u00e9dica, y cada unidad presenta un conveniente circuito de alto calor para auto-desinfecci\u00f3n que limpia y desinfecta la parafina cuando la unidad no est\u00e1 en uso, ahorrando tiempo y dinero, y manteniendo un entorno higi\u00e9nico.<\/h5>\n<p>&nbsp;<\/p>\n<p><a href=\"http:\/\/hydromedic.com.mx\/wp-content\/uploads\/2016\/08\/IMG-20160411-WA0024.jpg\"><br \/>\n<img loading=\"lazy\" class=\"size-medium wp-image-123 aligncenter\" src=\"http:\/\/hydromedic.com.mx\/wp-content\/uploads\/2016\/08\/PARAFINERO-GRANDE-300x195.jpg\" alt=\"PARAFINERO GRANDE\" width=\"300\" height=\"195\" srcset=\"http:\/\/hydromedic.com.mx\/wp-content\/uploads\/2016\/08\/PARAFINERO-GRANDE-300x195.jpg 300w, http:\/\/hydromedic.com.mx\/wp-content\/uploads\/2016\/08\/PARAFINERO-GRANDE-1024x665.jpg 1024w\" sizes=\"(max-width: 300px) 100vw, 300px\" \/><\/a><\/p>\n<p><img loading=\"lazy\" class=\"size-medium wp-image-108 aligncenter\" src=\"http:\/\/hydromedic.com.mx\/wp-content\/uploads\/2016\/08\/IMG-20160411-WA0024-300x300.jpg\" alt=\"IMG-20160411-WA0024\" width=\"300\" height=\"300\" srcset=\"http:\/\/hydromedic.com.mx\/wp-content\/uploads\/2016\/08\/IMG-20160411-WA0024-300x300.jpg 300w, http:\/\/hydromedic.com.mx\/wp-content\/uploads\/2016\/08\/IMG-20160411-WA0024-150x150.jpg 150w, http:\/\/hydromedic.com.mx\/wp-content\/uploads\/2016\/08\/IMG-20160411-WA0024-1024x1024.jpg 1024w, http:\/\/hydromedic.com.mx\/wp-content\/uploads\/2016\/08\/IMG-20160411-WA0024.jpg 1080w\" sizes=\"(max-width: 300px) 100vw, 300px\" \/><\/p>\n","protected":false},"excerpt":{"rendered":"<p>Nuestros parafineros\u00a0TheraCare paraffin son una alternativa estacionaria para los modelos convencionales port\u00e1tiles, y son perfectos para todas las aplicaciones cl\u00ednicas y de atenci\u00f3n m\u00e9dica. Fabricados con acero inoxidable, los parafineros\u00a0TheraCare\u00a0proveen calor para ayudar a una mayor circulaci\u00f3n y ayudar a&hellip; <\/p>\n","protected":false},"author":1,"featured_media":0,"parent":0,"menu_order":0,"comment_status":"closed","ping_status":"closed","template":"","meta":[],"acf":[],"yoast_head":"<!-- This site is optimized with the Yoast SEO plugin v15.9.1 - https:\/\/yoast.com\/wordpress\/plugins\/seo\/ -->\n<title>TERAPIA DE PARAFINA - HYDROMEDIC<\/title>\n<meta property=\"og:locale\" content=\"es_ES\" \/>\n<meta property=\"og:type\" content=\"article\" \/>\n<meta property=\"og:title\" content=\"TERAPIA DE PARAFINA - HYDROMEDIC\" \/>\n<meta property=\"og:description\" content=\"Nuestros parafineros\u00a0TheraCare paraffin son una alternativa estacionaria para los modelos convencionales port\u00e1tiles, y son perfectos para todas las aplicaciones cl\u00ednicas y de atenci\u00f3n m\u00e9dica. Fabricados con acero inoxidable, los parafineros\u00a0TheraCare\u00a0proveen calor para ayudar a una mayor circulaci\u00f3n y ayudar a&hellip;\" \/>\n<meta property=\"og:url\" content=\"http:\/\/hydromedic.com.mx\/?page_id=36\" \/>\n<meta property=\"og:site_name\" content=\"HYDROMEDIC\" \/>\n<meta property=\"article:modified_time\" content=\"2016-08-18T23:06:11+00:00\" \/>\n<meta property=\"og:image\" content=\"http:\/\/hydromedic.com.mx\/wp-content\/uploads\/2016\/08\/theracare-logo-300x154.jpg\" \/>\n<meta name=\"twitter:card\" content=\"summary\" \/>\n<meta name=\"twitter:label1\" content=\"Tiempo de lectura\">\n\t<meta name=\"twitter:data1\" content=\"1 minuto\">\n<script type=\"application\/ld+json\" class=\"yoast-schema-graph\">{\"@context\":\"https:\/\/schema.org\",\"@graph\":[{\"@type\":\"Organization\",\"@id\":\"http:\/\/hydromedic.com.mx\/#organization\",\"name\":\"HYDROMEDIC SA DE CV\",\"url\":\"http:\/\/hydromedic.com.mx\/\",\"sameAs\":[],\"logo\":{\"@type\":\"ImageObject\",\"@id\":\"http:\/\/hydromedic.com.mx\/#logo\",\"inLanguage\":\"es\",\"url\":\"http:\/\/hydromedic.com.mx\/wp-content\/uploads\/2016\/08\/hydromedic.jpg\",\"width\":1038,\"height\":248,\"caption\":\"HYDROMEDIC SA DE CV\"},\"image\":{\"@id\":\"http:\/\/hydromedic.com.mx\/#logo\"}},{\"@type\":\"WebSite\",\"@id\":\"http:\/\/hydromedic.com.mx\/#website\",\"url\":\"http:\/\/hydromedic.com.mx\/\",\"name\":\"HYDROMEDIC\",\"description\":\"Equipo Medico, Rehabilitacion y Medicina del deporte\",\"publisher\":{\"@id\":\"http:\/\/hydromedic.com.mx\/#organization\"},\"potentialAction\":[{\"@type\":\"SearchAction\",\"target\":\"http:\/\/hydromedic.com.mx\/?s={search_term_string}\",\"query-input\":\"required name=search_term_string\"}],\"inLanguage\":\"es\"},{\"@type\":\"ImageObject\",\"@id\":\"http:\/\/hydromedic.com.mx\/?page_id=36#primaryimage\",\"inLanguage\":\"es\",\"url\":\"http:\/\/hydromedic.com.mx\/wp-content\/uploads\/2016\/08\/theracare-logo.jpg\",\"width\":898,\"height\":462},{\"@type\":\"WebPage\",\"@id\":\"http:\/\/hydromedic.com.mx\/?page_id=36#webpage\",\"url\":\"http:\/\/hydromedic.com.mx\/?page_id=36\",\"name\":\"TERAPIA DE PARAFINA - HYDROMEDIC\",\"isPartOf\":{\"@id\":\"http:\/\/hydromedic.com.mx\/#website\"},\"primaryImageOfPage\":{\"@id\":\"http:\/\/hydromedic.com.mx\/?page_id=36#primaryimage\"},\"datePublished\":\"2016-08-18T18:40:32+00:00\",\"dateModified\":\"2016-08-18T23:06:11+00:00\",\"breadcrumb\":{\"@id\":\"http:\/\/hydromedic.com.mx\/?page_id=36#breadcrumb\"},\"inLanguage\":\"es\",\"potentialAction\":[{\"@type\":\"ReadAction\",\"target\":[\"http:\/\/hydromedic.com.mx\/?page_id=36\"]}]},{\"@type\":\"BreadcrumbList\",\"@id\":\"http:\/\/hydromedic.com.mx\/?page_id=36#breadcrumb\",\"itemListElement\":[{\"@type\":\"ListItem\",\"position\":1,\"item\":{\"@type\":\"WebPage\",\"@id\":\"http:\/\/hydromedic.com.mx\/\",\"url\":\"http:\/\/hydromedic.com.mx\/\",\"name\":\"Inicio\"}},{\"@type\":\"ListItem\",\"position\":2,\"item\":{\"@type\":\"WebPage\",\"@id\":\"http:\/\/hydromedic.com.mx\/?page_id=36\",\"url\":\"http:\/\/hydromedic.com.mx\/?page_id=36\",\"name\":\"TERAPIA DE PARAFINA\"}}]}]}<\/script>\n<!-- \/ Yoast SEO plugin. -->","_links":{"self":[{"href":"http:\/\/hydromedic.com.mx\/index.php?rest_route=\/wp\/v2\/pages\/36"}],"collection":[{"href":"http:\/\/hydromedic.com.mx\/index.php?rest_route=\/wp\/v2\/pages"}],"about":[{"href":"http:\/\/hydromedic.com.mx\/index.php?rest_route=\/wp\/v2\/types\/page"}],"author":[{"embeddable":true,"href":"http:\/\/hydromedic.com.mx\/index.php?rest_route=\/wp\/v2\/users\/1"}],"replies":[{"embeddable":true,"href":"http:\/\/hydromedic.com.mx\/index.php?rest_route=%2Fwp%2Fv2%2Fcomments&post=36"}],"version-history":[{"count":7,"href":"http:\/\/hydromedic.com.mx\/index.php?rest_route=\/wp\/v2\/pages\/36\/revisions"}],"predecessor-version":[{"id":127,"href":"http:\/\/hydromedic.com.mx\/index.php?rest_route=\/wp\/v2\/pages\/36\/revisions\/127"}],"wp:attachment":[{"href":"http:\/\/hydromedic.com.mx\/index.php?rest_route=%2Fwp%2Fv2%2Fmedia&parent=36"}],"curies":[{"name":"wp","href":"https:\/\/api.w.org\/{rel}","templated":true}]}}